{"id":5000,"date":"2025-11-19T20:57:15","date_gmt":"2025-11-19T20:57:15","guid":{"rendered":"https:\/\/inoria.uz\/?post_type=product&#038;p=5000"},"modified":"2025-11-19T20:57:15","modified_gmt":"2025-11-19T20:57:15","slug":"floor-enamel","status":"publish","type":"product","link":"https:\/\/inoria.uz\/?product=floor-enamel","title":{"rendered":"FLOOR ENAMEL"},"content":{"rendered":"<p>Alkid re\u00e7ine esasl\u0131, a\u015f\u0131nmaya dayan\u0131kl\u0131 zemin boyas\u0131d\u0131r. \u0130\u00e7 ve d\u0131\u015f mek\u00e2nlarda beton ve ah\u015fap zeminlerde uygulanabilir. Y\u00fcksek \u00f6rt\u00fcc\u00fcl\u00fc\u011fe sahip, d\u00fczg\u00fcn ve p\u00fcr\u00fczs\u00fcz bir film tabakas\u0131 olu\u015fturarak uzun \u00f6m\u00fcrl\u00fc parlak bir y\u00fczey sa\u011flar. Yeni d\u00f6\u015femelerde veya eski y\u00fczeylerin yenilenmesinde f\u0131r\u00e7a ya da rulo ile 2\u20133 kat uygulan\u0131r; dayan\u0131kl\u0131 ve estetik bir kaplama olu\u015fturur.<\/p>\n","protected":false},"excerpt":{"rendered":"<p>Alkid re\u00e7ine esasl\u0131, a\u015f\u0131nmaya dayan\u0131kl\u0131 zemin boyas\u0131d\u0131r. \u0130\u00e7 ve d\u0131\u015f mek\u00e2nlarda beton ve ah\u015fap zeminlerde uygulanabilir. Y\u00fcksek \u00f6rt\u00fcc\u00fcl\u00fc\u011fe sahip, d\u00fczg\u00fcn ve p\u00fcr\u00fczs\u00fcz bir film tabakas\u0131 olu\u015fturarak uzun \u00f6m\u00fcrl\u00fc parlak bir y\u00fczey sa\u011flar. Yeni d\u00f6\u015femelerde veya eski y\u00fczeylerin yenilenmesinde f\u0131r\u00e7a ya da rulo ile 2\u20133 kat uygulan\u0131r; dayan\u0131kl\u0131 ve estetik bir kaplama olu\u015fturur.<\/p>\n","protected":false},"featured_media":4901,"comment_status":"open","ping_status":"closed","template":"","meta":[],"product_brand":[],"product_cat":[97],"product_tag":[],"class_list":{"0":"post-5000","1":"product","2":"type-product","3":"status-publish","4":"has-post-thumbnail","6":"product_cat-sentetik-boya-tr","8":"first","9":"instock","10":"shipping-taxable","11":"product-type-simple","12":"layout-style-4","13":"col-md-4 col-sm-4 col-xs-6","14":"col-lg-3","15":"product-style-addtocart"},"_links":{"self":[{"href":"https:\/\/inoria.uz\/index.php?rest_route=\/wp\/v2\/product\/5000","targetHints":{"allow":["GET"]}}],"collection":[{"href":"https:\/\/inoria.uz\/index.php?rest_route=\/wp\/v2\/product"}],"about":[{"href":"https:\/\/inoria.uz\/index.php?rest_route=\/wp\/v2\/types\/product"}],"replies":[{"embeddable":true,"href":"https:\/\/inoria.uz\/index.php?rest_route=%2Fwp%2Fv2%2Fcomments&post=5000"}],"wp:featuredmedia":[{"embeddable":true,"href":"https:\/\/inoria.uz\/index.php?rest_route=\/wp\/v2\/media\/4901"}],"wp:attachment":[{"href":"https:\/\/inoria.uz\/index.php?rest_route=%2Fwp%2Fv2%2Fmedia&parent=5000"}],"wp:term":[{"taxonomy":"product_brand","embeddable":true,"href":"https:\/\/inoria.uz\/index.php?rest_route=%2Fwp%2Fv2%2Fproduct_brand&post=5000"},{"taxonomy":"product_cat","embeddable":true,"href":"https:\/\/inoria.uz\/index.php?rest_route=%2Fwp%2Fv2%2Fproduct_cat&post=5000"},{"taxonomy":"product_tag","embeddable":true,"href":"https:\/\/inoria.uz\/index.php?rest_route=%2Fwp%2Fv2%2Fproduct_tag&post=5000"}],"curies":[{"name":"wp","href":"https:\/\/api.w.org\/{rel}","templated":true}]}}