{"id":4937,"date":"2025-11-09T17:43:51","date_gmt":"2025-11-09T17:43:51","guid":{"rendered":"https:\/\/inoria.uz\/?post_type=product&#038;p=4937"},"modified":"2025-11-22T10:53:36","modified_gmt":"2025-11-22T10:53:36","slug":"inofit","status":"publish","type":"product","link":"https:\/\/inoria.uz\/?product=inofit","title":{"rendered":"INO FIT"},"content":{"rendered":"<p>Alkid re\u00e7ine esasl\u0131, y\u00fcksek parlakl\u0131kta sentetik son kat boyad\u0131r.<br \/>\n\u0130\u00e7 ve d\u0131\u015f mek\u00e2nlarda ah\u015fap, metal ve duvar y\u00fczeylerinde dekoratif ve koruyucu ama\u00e7la uygulan\u0131r. Y\u00fcksek \u00f6rt\u00fcc\u00fcl\u00fck, sararmaya kar\u015f\u0131 dayan\u0131m ve m\u00fckemmel parlakl\u0131k sa\u011flar.<br \/>\nUygulama \u00f6ncesi y\u00fczey uygun astar (\u00f6rne\u011fin INORIA ANTI-RUST veya INORIA ALKYD PRIMER) ile haz\u0131rlanmal\u0131; f\u0131r\u00e7a, rulo veya p\u00fcsk\u00fcrtme y\u00f6ntemiyle iki kat uygulanmal\u0131d\u0131r.<\/p>\n","protected":false},"excerpt":{"rendered":"<p>Alkid re\u00e7ine esasl\u0131, y\u00fcksek parlakl\u0131kta sentetik son kat boyad\u0131r.<br \/>\n\u0130\u00e7 ve d\u0131\u015f mek\u00e2nlarda ah\u015fap, metal ve duvar y\u00fczeylerinde dekoratif ve koruyucu ama\u00e7la uygulan\u0131r. Y\u00fcksek \u00f6rt\u00fcc\u00fcl\u00fck, sararmaya kar\u015f\u0131 dayan\u0131m ve m\u00fckemmel parlakl\u0131k sa\u011flar.<br \/>\nUygulama \u00f6ncesi y\u00fczey uygun astar (\u00f6rne\u011fin INORIA ANTI-RUST veya INORIA ALKYD PRIMER) ile haz\u0131rlanmal\u0131; f\u0131r\u00e7a, rulo veya p\u00fcsk\u00fcrtme y\u00f6ntemiyle iki kat uygulanmal\u0131d\u0131r.<\/p>\n","protected":false},"featured_media":4907,"comment_status":"open","ping_status":"closed","template":"","meta":[],"product_brand":[],"product_cat":[97],"product_tag":[],"class_list":{"0":"post-4937","1":"product","2":"type-product","3":"status-publish","4":"has-post-thumbnail","6":"product_cat-sentetik-boya-tr","8":"first","9":"instock","10":"shipping-taxable","11":"product-type-simple","12":"layout-style-4","13":"col-md-4 col-sm-4 col-xs-6","14":"col-lg-3","15":"product-style-addtocart"},"_links":{"self":[{"href":"https:\/\/inoria.uz\/index.php?rest_route=\/wp\/v2\/product\/4937","targetHints":{"allow":["GET"]}}],"collection":[{"href":"https:\/\/inoria.uz\/index.php?rest_route=\/wp\/v2\/product"}],"about":[{"href":"https:\/\/inoria.uz\/index.php?rest_route=\/wp\/v2\/types\/product"}],"replies":[{"embeddable":true,"href":"https:\/\/inoria.uz\/index.php?rest_route=%2Fwp%2Fv2%2Fcomments&post=4937"}],"wp:featuredmedia":[{"embeddable":true,"href":"https:\/\/inoria.uz\/index.php?rest_route=\/wp\/v2\/media\/4907"}],"wp:attachment":[{"href":"https:\/\/inoria.uz\/index.php?rest_route=%2Fwp%2Fv2%2Fmedia&parent=4937"}],"wp:term":[{"taxonomy":"product_brand","embeddable":true,"href":"https:\/\/inoria.uz\/index.php?rest_route=%2Fwp%2Fv2%2Fproduct_brand&post=4937"},{"taxonomy":"product_cat","embeddable":true,"href":"https:\/\/inoria.uz\/index.php?rest_route=%2Fwp%2Fv2%2Fproduct_cat&post=4937"},{"taxonomy":"product_tag","embeddable":true,"href":"https:\/\/inoria.uz\/index.php?rest_route=%2Fwp%2Fv2%2Fproduct_tag&post=4937"}],"curies":[{"name":"wp","href":"https:\/\/api.w.org\/{rel}","templated":true}]}}