{"id":4933,"date":"2025-11-09T17:39:57","date_gmt":"2025-11-09T17:39:57","guid":{"rendered":"https:\/\/inoria.uz\/?post_type=product&#038;p=4933"},"modified":"2025-11-22T10:52:33","modified_gmt":"2025-11-22T10:52:33","slug":"fastdry","status":"publish","type":"product","link":"https:\/\/inoria.uz\/?product=fastdry","title":{"rendered":"FAST DRY"},"content":{"rendered":"<p>Alkid re\u00e7ine esasl\u0131, h\u0131zl\u0131 kuruyan, y\u00fcksek \u00f6rt\u00fcc\u00fcl\u00fc\u011fe sahip sentetik son kat boyad\u0131r.<br \/>\n\u0130\u00e7 ve d\u0131\u015f mek\u00e2nlarda ah\u015fap, metal ve duvar y\u00fczeylerinde kullan\u0131labilir. Y\u00fcksek yap\u0131\u015fma g\u00fcc\u00fc, parlak y\u00fczey g\u00f6r\u00fcn\u00fcm\u00fc ve a\u015f\u0131nmaya kar\u015f\u0131 dayan\u0131kl\u0131 yap\u0131s\u0131yla uzun \u00f6m\u00fcrl\u00fc koruma sa\u011flar. F\u0131r\u00e7a, rulo veya p\u00fcsk\u00fcrtme y\u00f6ntemiyle uygulanabilir; h\u0131zl\u0131 kuruma \u00f6zelli\u011fi sayesinde k\u0131sa s\u00fcrede ikinci kat uygulamas\u0131na imk\u00e2n tan\u0131r.<\/p>\n","protected":false},"excerpt":{"rendered":"<p>Alkid re\u00e7ine esasl\u0131, h\u0131zl\u0131 kuruyan, y\u00fcksek \u00f6rt\u00fcc\u00fcl\u00fc\u011fe sahip sentetik son kat boyad\u0131r.<br \/>\n\u0130\u00e7 ve d\u0131\u015f mek\u00e2nlarda ah\u015fap, metal ve duvar y\u00fczeylerinde kullan\u0131labilir. Y\u00fcksek yap\u0131\u015fma g\u00fcc\u00fc, parlak y\u00fczey g\u00f6r\u00fcn\u00fcm\u00fc ve a\u015f\u0131nmaya kar\u015f\u0131 dayan\u0131kl\u0131 yap\u0131s\u0131yla uzun \u00f6m\u00fcrl\u00fc koruma sa\u011flar. F\u0131r\u00e7a, rulo veya p\u00fcsk\u00fcrtme y\u00f6ntemiyle uygulanabilir; h\u0131zl\u0131 kuruma \u00f6zelli\u011fi sayesinde k\u0131sa s\u00fcrede ikinci kat uygulamas\u0131na imk\u00e2n tan\u0131r.<\/p>\n","protected":false},"featured_media":4899,"comment_status":"open","ping_status":"closed","template":"","meta":[],"product_brand":[],"product_cat":[97],"product_tag":[],"class_list":{"0":"post-4933","1":"product","2":"type-product","3":"status-publish","4":"has-post-thumbnail","6":"product_cat-sentetik-boya-tr","8":"first","9":"instock","10":"shipping-taxable","11":"product-type-simple","12":"layout-style-4","13":"col-md-4 col-sm-4 col-xs-6","14":"col-lg-3","15":"product-style-addtocart"},"_links":{"self":[{"href":"https:\/\/inoria.uz\/index.php?rest_route=\/wp\/v2\/product\/4933","targetHints":{"allow":["GET"]}}],"collection":[{"href":"https:\/\/inoria.uz\/index.php?rest_route=\/wp\/v2\/product"}],"about":[{"href":"https:\/\/inoria.uz\/index.php?rest_route=\/wp\/v2\/types\/product"}],"replies":[{"embeddable":true,"href":"https:\/\/inoria.uz\/index.php?rest_route=%2Fwp%2Fv2%2Fcomments&post=4933"}],"wp:featuredmedia":[{"embeddable":true,"href":"https:\/\/inoria.uz\/index.php?rest_route=\/wp\/v2\/media\/4899"}],"wp:attachment":[{"href":"https:\/\/inoria.uz\/index.php?rest_route=%2Fwp%2Fv2%2Fmedia&parent=4933"}],"wp:term":[{"taxonomy":"product_brand","embeddable":true,"href":"https:\/\/inoria.uz\/index.php?rest_route=%2Fwp%2Fv2%2Fproduct_brand&post=4933"},{"taxonomy":"product_cat","embeddable":true,"href":"https:\/\/inoria.uz\/index.php?rest_route=%2Fwp%2Fv2%2Fproduct_cat&post=4933"},{"taxonomy":"product_tag","embeddable":true,"href":"https:\/\/inoria.uz\/index.php?rest_route=%2Fwp%2Fv2%2Fproduct_tag&post=4933"}],"curies":[{"name":"wp","href":"https:\/\/api.w.org\/{rel}","templated":true}]}}