{"id":4929,"date":"2025-11-09T17:33:23","date_gmt":"2025-11-09T17:33:23","guid":{"rendered":"https:\/\/inoria.uz\/?post_type=product&#038;p=4929"},"modified":"2025-11-09T17:33:23","modified_gmt":"2025-11-09T17:33:23","slug":"woodfix","status":"publish","type":"product","link":"https:\/\/inoria.uz\/?product=woodfix","title":{"rendered":"WOODFIX"},"content":{"rendered":"<p>Akrilik re\u00e7ine esasl\u0131, su bazl\u0131, i\u00e7 ve d\u0131\u015f mek\u00e2nlarda kullan\u0131labilen ah\u015fap macunudur.<br \/>\nY\u00fczeylerdeki \u00e7atlak, bo\u015fluk ve kusurlar\u0131 doldurmak i\u00e7in kullan\u0131ma haz\u0131r olarak \u00fcretilmi\u015ftir. Y\u00fcksek plastisiteye sahip, d\u00fc\u015f\u00fck b\u00fcz\u00fclmeli yap\u0131s\u0131 sayesinde ah\u015fap y\u00fczeylerde sa\u011flam, p\u00fcr\u00fczs\u00fcz ve mat bir g\u00f6r\u00fcn\u00fcm olu\u015fturur. Kolay z\u0131mparalanabilir \u00f6zelli\u011fiyle uygulama sonras\u0131 y\u00fczeyin boyaya haz\u0131rlanmas\u0131n\u0131 sa\u011flar.<\/p>\n","protected":false},"excerpt":{"rendered":"<p>Akrilik re\u00e7ine esasl\u0131, su bazl\u0131, i\u00e7 ve d\u0131\u015f mek\u00e2nlarda kullan\u0131labilen ah\u015fap macunudur.<br \/>\nY\u00fczeylerdeki \u00e7atlak, bo\u015fluk ve kusurlar\u0131 doldurmak i\u00e7in kullan\u0131ma haz\u0131r olarak \u00fcretilmi\u015ftir. Y\u00fcksek plastisiteye sahip, d\u00fc\u015f\u00fck b\u00fcz\u00fclmeli yap\u0131s\u0131 sayesinde ah\u015fap y\u00fczeylerde sa\u011flam, p\u00fcr\u00fczs\u00fcz ve mat bir g\u00f6r\u00fcn\u00fcm olu\u015fturur. Kolay z\u0131mparalanabilir \u00f6zelli\u011fiyle uygulama sonras\u0131 y\u00fczeyin boyaya haz\u0131rlanmas\u0131n\u0131 sa\u011flar.<\/p>\n","protected":false},"featured_media":4903,"comment_status":"open","ping_status":"closed","template":"","meta":[],"product_brand":[],"product_cat":[188],"product_tag":[],"class_list":{"0":"post-4929","1":"product","2":"type-product","3":"status-publish","4":"has-post-thumbnail","6":"product_cat-ahsap-tr","8":"first","9":"instock","10":"shipping-taxable","11":"product-type-simple","12":"layout-style-4","13":"col-md-4 col-sm-4 col-xs-6","14":"col-lg-3","15":"product-style-addtocart"},"_links":{"self":[{"href":"https:\/\/inoria.uz\/index.php?rest_route=\/wp\/v2\/product\/4929","targetHints":{"allow":["GET"]}}],"collection":[{"href":"https:\/\/inoria.uz\/index.php?rest_route=\/wp\/v2\/product"}],"about":[{"href":"https:\/\/inoria.uz\/index.php?rest_route=\/wp\/v2\/types\/product"}],"replies":[{"embeddable":true,"href":"https:\/\/inoria.uz\/index.php?rest_route=%2Fwp%2Fv2%2Fcomments&post=4929"}],"wp:featuredmedia":[{"embeddable":true,"href":"https:\/\/inoria.uz\/index.php?rest_route=\/wp\/v2\/media\/4903"}],"wp:attachment":[{"href":"https:\/\/inoria.uz\/index.php?rest_route=%2Fwp%2Fv2%2Fmedia&parent=4929"}],"wp:term":[{"taxonomy":"product_brand","embeddable":true,"href":"https:\/\/inoria.uz\/index.php?rest_route=%2Fwp%2Fv2%2Fproduct_brand&post=4929"},{"taxonomy":"product_cat","embeddable":true,"href":"https:\/\/inoria.uz\/index.php?rest_route=%2Fwp%2Fv2%2Fproduct_cat&post=4929"},{"taxonomy":"product_tag","embeddable":true,"href":"https:\/\/inoria.uz\/index.php?rest_route=%2Fwp%2Fv2%2Fproduct_tag&post=4929"}],"curies":[{"name":"wp","href":"https:\/\/api.w.org\/{rel}","templated":true}]}}