{"id":4917,"date":"2025-11-09T17:20:43","date_gmt":"2025-11-09T17:20:43","guid":{"rendered":"https:\/\/inoria.uz\/?post_type=product&#038;p=4917"},"modified":"2025-11-22T12:54:51","modified_gmt":"2025-11-22T12:54:51","slug":"innocento-sandy","status":"publish","type":"product","link":"https:\/\/inoria.uz\/?product=innocento-sandy","title":{"rendered":"INNOCENTO SANDY"},"content":{"rendered":"<p>Akrilik re\u00e7ine esasl\u0131, su bazl\u0131, i\u00e7 ve d\u0131\u015f cephelerde kullan\u0131labilen dekoratif kaplamad\u0131r.<br \/>\nY\u00fczeylere dekoratif ama\u00e7l\u0131 uyguland\u0131\u011f\u0131nda, kumlu sedef dokusu sayesinde do\u011fal ve zarif bir g\u00f6r\u00fcn\u00fcm kazand\u0131r\u0131r. Tek kat uygulanabilir, suya dayan\u0131kl\u0131 ve dayan\u0131m\u0131 y\u00fcksek yap\u0131s\u0131yla uzun \u00f6m\u00fcrl\u00fc dekoratif y\u00fczeyler olu\u015fturur.<\/p>\n","protected":false},"excerpt":{"rendered":"<p>Akrilik re\u00e7ine esasl\u0131, su bazl\u0131, i\u00e7 ve d\u0131\u015f cephelerde kullan\u0131labilen dekoratif kaplamad\u0131r.<br \/>\nY\u00fczeylere dekoratif ama\u00e7l\u0131 uyguland\u0131\u011f\u0131nda, kumlu sedef dokusu sayesinde do\u011fal ve zarif bir g\u00f6r\u00fcn\u00fcm kazand\u0131r\u0131r. Tek kat uygulanabilir, suya dayan\u0131kl\u0131 ve dayan\u0131m\u0131 y\u00fcksek yap\u0131s\u0131yla uzun \u00f6m\u00fcrl\u00fc dekoratif y\u00fczeyler olu\u015fturur.<\/p>\n","protected":false},"featured_media":5007,"comment_status":"open","ping_status":"closed","template":"","meta":[],"product_brand":[],"product_cat":[180],"product_tag":[],"class_list":{"0":"post-4917","1":"product","2":"type-product","3":"status-publish","4":"has-post-thumbnail","6":"product_cat-dekoratif-tr","8":"first","9":"instock","10":"shipping-taxable","11":"product-type-simple","12":"layout-style-4","13":"col-md-4 col-sm-4 col-xs-6","14":"col-lg-3","15":"product-style-addtocart"},"_links":{"self":[{"href":"https:\/\/inoria.uz\/index.php?rest_route=\/wp\/v2\/product\/4917","targetHints":{"allow":["GET"]}}],"collection":[{"href":"https:\/\/inoria.uz\/index.php?rest_route=\/wp\/v2\/product"}],"about":[{"href":"https:\/\/inoria.uz\/index.php?rest_route=\/wp\/v2\/types\/product"}],"replies":[{"embeddable":true,"href":"https:\/\/inoria.uz\/index.php?rest_route=%2Fwp%2Fv2%2Fcomments&post=4917"}],"wp:featuredmedia":[{"embeddable":true,"href":"https:\/\/inoria.uz\/index.php?rest_route=\/wp\/v2\/media\/5007"}],"wp:attachment":[{"href":"https:\/\/inoria.uz\/index.php?rest_route=%2Fwp%2Fv2%2Fmedia&parent=4917"}],"wp:term":[{"taxonomy":"product_brand","embeddable":true,"href":"https:\/\/inoria.uz\/index.php?rest_route=%2Fwp%2Fv2%2Fproduct_brand&post=4917"},{"taxonomy":"product_cat","embeddable":true,"href":"https:\/\/inoria.uz\/index.php?rest_route=%2Fwp%2Fv2%2Fproduct_cat&post=4917"},{"taxonomy":"product_tag","embeddable":true,"href":"https:\/\/inoria.uz\/index.php?rest_route=%2Fwp%2Fv2%2Fproduct_tag&post=4917"}],"curies":[{"name":"wp","href":"https:\/\/api.w.org\/{rel}","templated":true}]}}