{"id":4871,"date":"2025-02-07T19:46:08","date_gmt":"2025-02-07T19:46:08","guid":{"rendered":"https:\/\/inoria.uz\/?post_type=product&#038;p=4871"},"modified":"2025-02-20T09:26:13","modified_gmt":"2025-02-20T09:26:13","slug":"finish-pro","status":"publish","type":"product","link":"https:\/\/inoria.uz\/?product=finish-pro","title":{"rendered":"FINISH PRO"},"content":{"rendered":"<p>Polimer ba\u011flay\u0131c\u0131 ve \u00f6zel katk\u0131 maddeleri bazl\u0131, kullan\u0131ma haz\u0131r son kat macun. \u0130\u00e7 mekanlarda p\u00fcr\u00fczs\u00fcz ve d\u00fczg\u00fcn y\u00fczeyler olu\u015fturmak i\u00e7in tasarlanm\u0131\u015ft\u0131r.<\/p>\n","protected":false},"excerpt":{"rendered":"<p>Polimer ba\u011flay\u0131c\u0131 ve \u00f6zel katk\u0131 maddeleri bazl\u0131, kullan\u0131ma haz\u0131r son kat macun. \u0130\u00e7 mekanlarda p\u00fcr\u00fczs\u00fcz ve d\u00fczg\u00fcn y\u00fczeyler olu\u015fturmak i\u00e7in tasarlanm\u0131\u015ft\u0131r.<\/p>\n","protected":false},"featured_media":4873,"comment_status":"open","ping_status":"closed","template":"","meta":[],"product_brand":[],"product_cat":[92],"product_tag":[],"class_list":{"0":"post-4871","1":"product","2":"type-product","3":"status-publish","4":"has-post-thumbnail","6":"product_cat-astar-tr","8":"first","9":"instock","10":"shipping-taxable","11":"product-type-simple","12":"layout-style-4","13":"col-md-4 col-sm-4 col-xs-6","14":"col-lg-3","15":"product-style-addtocart"},"_links":{"self":[{"href":"https:\/\/inoria.uz\/index.php?rest_route=\/wp\/v2\/product\/4871","targetHints":{"allow":["GET"]}}],"collection":[{"href":"https:\/\/inoria.uz\/index.php?rest_route=\/wp\/v2\/product"}],"about":[{"href":"https:\/\/inoria.uz\/index.php?rest_route=\/wp\/v2\/types\/product"}],"replies":[{"embeddable":true,"href":"https:\/\/inoria.uz\/index.php?rest_route=%2Fwp%2Fv2%2Fcomments&post=4871"}],"wp:featuredmedia":[{"embeddable":true,"href":"https:\/\/inoria.uz\/index.php?rest_route=\/wp\/v2\/media\/4873"}],"wp:attachment":[{"href":"https:\/\/inoria.uz\/index.php?rest_route=%2Fwp%2Fv2%2Fmedia&parent=4871"}],"wp:term":[{"taxonomy":"product_brand","embeddable":true,"href":"https:\/\/inoria.uz\/index.php?rest_route=%2Fwp%2Fv2%2Fproduct_brand&post=4871"},{"taxonomy":"product_cat","embeddable":true,"href":"https:\/\/inoria.uz\/index.php?rest_route=%2Fwp%2Fv2%2Fproduct_cat&post=4871"},{"taxonomy":"product_tag","embeddable":true,"href":"https:\/\/inoria.uz\/index.php?rest_route=%2Fwp%2Fv2%2Fproduct_tag&post=4871"}],"curies":[{"name":"wp","href":"https:\/\/api.w.org\/{rel}","templated":true}]}}