{"id":4795,"date":"2024-07-07T17:48:46","date_gmt":"2024-07-07T17:48:46","guid":{"rendered":"https:\/\/inoria.uz\/?post_type=product&#038;p=4795"},"modified":"2025-11-22T13:05:57","modified_gmt":"2025-11-22T13:05:57","slug":"lux-gloss-alkyd-enamel-4","status":"publish","type":"product","link":"https:\/\/inoria.uz\/?product=lux-gloss-alkyd-enamel-4","title":{"rendered":"L\u00dcKS PARLAK BOYA"},"content":{"rendered":"<p>Alkid ba\u011flay\u0131c\u0131 esasl\u0131, parlak g\u00f6r\u00fcn\u00fcml\u00fc dekoratif son kat boyad\u0131r.<\/p>\n","protected":false},"excerpt":{"rendered":"<p>Alkid ba\u011flay\u0131c\u0131 esasl\u0131, parlak g\u00f6r\u00fcn\u00fcml\u00fc dekoratif son kat boyad\u0131r.<\/p>\n","protected":false},"featured_media":5017,"comment_status":"open","ping_status":"closed","template":"","meta":[],"product_brand":[],"product_cat":[97],"product_tag":[],"class_list":{"0":"post-4795","1":"product","2":"type-product","3":"status-publish","4":"has-post-thumbnail","6":"product_cat-sentetik-boya-tr","8":"first","9":"instock","10":"shipping-taxable","11":"product-type-simple","12":"layout-style-4","13":"col-md-4 col-sm-4 col-xs-6","14":"col-lg-3","15":"product-style-addtocart"},"_links":{"self":[{"href":"https:\/\/inoria.uz\/index.php?rest_route=\/wp\/v2\/product\/4795","targetHints":{"allow":["GET"]}}],"collection":[{"href":"https:\/\/inoria.uz\/index.php?rest_route=\/wp\/v2\/product"}],"about":[{"href":"https:\/\/inoria.uz\/index.php?rest_route=\/wp\/v2\/types\/product"}],"replies":[{"embeddable":true,"href":"https:\/\/inoria.uz\/index.php?rest_route=%2Fwp%2Fv2%2Fcomments&post=4795"}],"wp:featuredmedia":[{"embeddable":true,"href":"https:\/\/inoria.uz\/index.php?rest_route=\/wp\/v2\/media\/5017"}],"wp:attachment":[{"href":"https:\/\/inoria.uz\/index.php?rest_route=%2Fwp%2Fv2%2Fmedia&parent=4795"}],"wp:term":[{"taxonomy":"product_brand","embeddable":true,"href":"https:\/\/inoria.uz\/index.php?rest_route=%2Fwp%2Fv2%2Fproduct_brand&post=4795"},{"taxonomy":"product_cat","embeddable":true,"href":"https:\/\/inoria.uz\/index.php?rest_route=%2Fwp%2Fv2%2Fproduct_cat&post=4795"},{"taxonomy":"product_tag","embeddable":true,"href":"https:\/\/inoria.uz\/index.php?rest_route=%2Fwp%2Fv2%2Fproduct_tag&post=4795"}],"curies":[{"name":"wp","href":"https:\/\/api.w.org\/{rel}","templated":true}]}}