{"id":4752,"date":"2024-07-02T17:35:47","date_gmt":"2024-07-02T17:35:47","guid":{"rendered":"https:\/\/inoria.uz\/?post_type=product&#038;p=4752"},"modified":"2025-11-22T10:59:20","modified_gmt":"2025-11-22T10:59:20","slug":"pva-tutkal","status":"publish","type":"product","link":"https:\/\/inoria.uz\/?product=pva-tutkal","title":{"rendered":"PVA TUTKAL"},"content":{"rendered":"<p>Ka\u011f\u0131t, ah\u015fap, sunta, ve kartondan yap\u0131lm\u0131\u015f \u00fcr\u00fcnlerin yap\u0131\u015ft\u0131r\u0131lmas\u0131 i\u00e7in tasarlanm\u0131\u015f polivinil asetat dispersiyon (PVA) yap\u0131\u015ft\u0131r\u0131c\u0131s\u0131. T\u00fcm ah\u015faptan ah\u015faba yap\u0131\u015ft\u0131rma gereksinimleri ve ayr\u0131ca ka\u011f\u0131t ve kartondan yap\u0131lm\u0131\u015f \u00fcr\u00fcnler i\u00e7in y\u00fcksek kaliteli re\u00e7ine bazl\u0131 bir yap\u0131\u015ft\u0131r\u0131c\u0131d\u0131r. Hem dahili hem de harici olarak kullan\u0131labilir ve genellikle ah\u015fab\u0131n kendisinden daha g\u00fc\u00e7l\u00fc olan y\u00fcksek mukavemetli, darbeye dayan\u0131kl\u0131 bir ba\u011f sa\u011flar. Masif ve \u00f6zel ah\u015fap d\u00f6\u015femeler de dahil olmak \u00fczere t\u00fcm genel ah\u015fap i\u015fleme ve do\u011frama uygulamalar\u0131 i\u00e7in idealdir.<\/p>\n","protected":false},"excerpt":{"rendered":"<p>Ka\u011f\u0131t, ah\u015fap, sunta, ve kartondan yap\u0131lm\u0131\u015f \u00fcr\u00fcnlerin yap\u0131\u015ft\u0131r\u0131lmas\u0131 i\u00e7in tasarlanm\u0131\u015f polivinil asetat dispersiyon (PVA) yap\u0131\u015ft\u0131r\u0131c\u0131s\u0131. T\u00fcm ah\u015faptan ah\u015faba yap\u0131\u015ft\u0131rma gereksinimleri ve ayr\u0131ca ka\u011f\u0131t ve kartondan yap\u0131lm\u0131\u015f \u00fcr\u00fcnler i\u00e7in y\u00fcksek kaliteli re\u00e7ine bazl\u0131 bir yap\u0131\u015ft\u0131r\u0131c\u0131d\u0131r. Hem dahili hem de harici olarak kullan\u0131labilir ve genellikle ah\u015fab\u0131n kendisinden daha g\u00fc\u00e7l\u00fc olan y\u00fcksek mukavemetli, darbeye dayan\u0131kl\u0131 bir ba\u011f sa\u011flar. Masif ve \u00f6zel ah\u015fap d\u00f6\u015femeler de dahil olmak \u00fczere t\u00fcm genel ah\u015fap i\u015fleme ve do\u011frama uygulamalar\u0131 i\u00e7in idealdir.<\/p>\n","protected":false},"featured_media":5005,"comment_status":"closed","ping_status":"closed","template":"","meta":[],"product_brand":[],"product_cat":[188],"product_tag":[],"class_list":{"0":"post-4752","1":"product","2":"type-product","3":"status-publish","4":"has-post-thumbnail","6":"product_cat-ahsap-tr","8":"first","9":"instock","10":"shipping-taxable","11":"product-type-simple","12":"layout-style-4","13":"col-md-4 col-sm-4 col-xs-6","14":"col-lg-3","15":"product-style-addtocart"},"_links":{"self":[{"href":"https:\/\/inoria.uz\/index.php?rest_route=\/wp\/v2\/product\/4752","targetHints":{"allow":["GET"]}}],"collection":[{"href":"https:\/\/inoria.uz\/index.php?rest_route=\/wp\/v2\/product"}],"about":[{"href":"https:\/\/inoria.uz\/index.php?rest_route=\/wp\/v2\/types\/product"}],"replies":[{"embeddable":true,"href":"https:\/\/inoria.uz\/index.php?rest_route=%2Fwp%2Fv2%2Fcomments&post=4752"}],"wp:featuredmedia":[{"embeddable":true,"href":"https:\/\/inoria.uz\/index.php?rest_route=\/wp\/v2\/media\/5005"}],"wp:attachment":[{"href":"https:\/\/inoria.uz\/index.php?rest_route=%2Fwp%2Fv2%2Fmedia&parent=4752"}],"wp:term":[{"taxonomy":"product_brand","embeddable":true,"href":"https:\/\/inoria.uz\/index.php?rest_route=%2Fwp%2Fv2%2Fproduct_brand&post=4752"},{"taxonomy":"product_cat","embeddable":true,"href":"https:\/\/inoria.uz\/index.php?rest_route=%2Fwp%2Fv2%2Fproduct_cat&post=4752"},{"taxonomy":"product_tag","embeddable":true,"href":"https:\/\/inoria.uz\/index.php?rest_route=%2Fwp%2Fv2%2Fproduct_tag&post=4752"}],"curies":[{"name":"wp","href":"https:\/\/api.w.org\/{rel}","templated":true}]}}