{"id":4748,"date":"2024-07-02T17:32:44","date_gmt":"2024-07-02T17:32:44","guid":{"rendered":"https:\/\/inoria.uz\/?post_type=product&#038;p=4748"},"modified":"2024-07-10T17:12:03","modified_gmt":"2024-07-10T17:12:03","slug":"sentetik-tiner","status":"publish","type":"product","link":"https:\/\/inoria.uz\/?product=sentetik-tiner","title":{"rendered":"SENTET\u0130K T\u0130NER"},"content":{"rendered":"<p>Sentetik esasl\u0131 t\u00fcm boya, vernik ve astarlar\u0131n uygulanmas\u0131nda tiner olarak g\u00fcvenle kullan\u0131labilir. Ayr\u0131ca sentetik boya uygulama aletlerinin temizli\u011finde kullan\u0131ld\u0131\u011f\u0131 gibi, ilk defa boya uygulanacak demir-\u00e7elik y\u00fczeylerdeki mevcut ya\u011f, pas ve tozun temizlenmesinde de kullan\u0131labilir.<\/p>\n","protected":false},"excerpt":{"rendered":"<p>Sentetik esasl\u0131 t\u00fcm boya, vernik ve astarlar\u0131n uygulanmas\u0131nda tiner olarak g\u00fcvenle kullan\u0131labilir. Ayr\u0131ca sentetik boya uygulama aletlerinin temizli\u011finde kullan\u0131ld\u0131\u011f\u0131 gibi, ilk defa boya uygulanacak demir-\u00e7elik y\u00fczeylerdeki mevcut ya\u011f, pas ve tozun temizlenmesinde de kullan\u0131labilir.<\/p>\n","protected":false},"featured_media":4828,"comment_status":"closed","ping_status":"closed","template":"","meta":[],"product_brand":[],"product_cat":[175],"product_tag":[],"class_list":{"0":"post-4748","1":"product","2":"type-product","3":"status-publish","4":"has-post-thumbnail","6":"product_cat-tiner-tutkal","8":"first","9":"instock","10":"shipping-taxable","11":"product-type-simple","12":"layout-style-4","13":"col-md-4 col-sm-4 col-xs-6","14":"col-lg-3","15":"product-style-addtocart"},"_links":{"self":[{"href":"https:\/\/inoria.uz\/index.php?rest_route=\/wp\/v2\/product\/4748","targetHints":{"allow":["GET"]}}],"collection":[{"href":"https:\/\/inoria.uz\/index.php?rest_route=\/wp\/v2\/product"}],"about":[{"href":"https:\/\/inoria.uz\/index.php?rest_route=\/wp\/v2\/types\/product"}],"replies":[{"embeddable":true,"href":"https:\/\/inoria.uz\/index.php?rest_route=%2Fwp%2Fv2%2Fcomments&post=4748"}],"wp:featuredmedia":[{"embeddable":true,"href":"https:\/\/inoria.uz\/index.php?rest_route=\/wp\/v2\/media\/4828"}],"wp:attachment":[{"href":"https:\/\/inoria.uz\/index.php?rest_route=%2Fwp%2Fv2%2Fmedia&parent=4748"}],"wp:term":[{"taxonomy":"product_brand","embeddable":true,"href":"https:\/\/inoria.uz\/index.php?rest_route=%2Fwp%2Fv2%2Fproduct_brand&post=4748"},{"taxonomy":"product_cat","embeddable":true,"href":"https:\/\/inoria.uz\/index.php?rest_route=%2Fwp%2Fv2%2Fproduct_cat&post=4748"},{"taxonomy":"product_tag","embeddable":true,"href":"https:\/\/inoria.uz\/index.php?rest_route=%2Fwp%2Fv2%2Fproduct_tag&post=4748"}],"curies":[{"name":"wp","href":"https:\/\/api.w.org\/{rel}","templated":true}]}}