{"id":4723,"date":"2024-06-15T22:25:45","date_gmt":"2024-06-15T22:25:45","guid":{"rendered":"https:\/\/inoria.uz\/?post_type=product&#038;p=4723"},"modified":"2024-06-15T22:25:46","modified_gmt":"2024-06-15T22:25:46","slug":"traverten-lacquer","status":"publish","type":"product","link":"https:\/\/inoria.uz\/?product=traverten-lacquer","title":{"rendered":"TRAVERTEN LACQUER"},"content":{"rendered":"<p>Akrilik kopolimer bazl\u0131, d\u0131\u015f mekan kullan\u0131m\u0131na y\u00f6nelik dekoratif kaplamalar i\u00e7in vernik. Su dispersiyonlu akrilik vernik, kullan\u0131ma haz\u0131r akrilik bazl\u0131 su dispersiyonlu bir bile\u015fimdir ve traverten dahil kaplamalar i\u00e7in dekoratif son kat sisteminin son kat\u0131d\u0131r.<\/p>\n","protected":false},"excerpt":{"rendered":"<p>Akrilik kopolimer bazl\u0131, d\u0131\u015f mekan kullan\u0131m\u0131na y\u00f6nelik dekoratif kaplamalar i\u00e7in vernik. Su dispersiyonlu akrilik vernik, kullan\u0131ma haz\u0131r akrilik bazl\u0131 su dispersiyonlu bir bile\u015fimdir ve traverten dahil kaplamalar i\u00e7in dekoratif son kat sisteminin son kat\u0131d\u0131r.<\/p>\n","protected":false},"featured_media":4724,"comment_status":"open","ping_status":"closed","template":"","meta":[],"product_brand":[],"product_cat":[84],"product_tag":[],"class_list":{"0":"post-4723","1":"product","2":"type-product","3":"status-publish","4":"has-post-thumbnail","6":"product_cat-dis-cephe-tr","8":"first","9":"instock","10":"shipping-taxable","11":"product-type-simple","12":"layout-style-4","13":"col-md-4 col-sm-4 col-xs-6","14":"col-lg-3","15":"product-style-addtocart"},"_links":{"self":[{"href":"https:\/\/inoria.uz\/index.php?rest_route=\/wp\/v2\/product\/4723","targetHints":{"allow":["GET"]}}],"collection":[{"href":"https:\/\/inoria.uz\/index.php?rest_route=\/wp\/v2\/product"}],"about":[{"href":"https:\/\/inoria.uz\/index.php?rest_route=\/wp\/v2\/types\/product"}],"replies":[{"embeddable":true,"href":"https:\/\/inoria.uz\/index.php?rest_route=%2Fwp%2Fv2%2Fcomments&post=4723"}],"wp:featuredmedia":[{"embeddable":true,"href":"https:\/\/inoria.uz\/index.php?rest_route=\/wp\/v2\/media\/4724"}],"wp:attachment":[{"href":"https:\/\/inoria.uz\/index.php?rest_route=%2Fwp%2Fv2%2Fmedia&parent=4723"}],"wp:term":[{"taxonomy":"product_brand","embeddable":true,"href":"https:\/\/inoria.uz\/index.php?rest_route=%2Fwp%2Fv2%2Fproduct_brand&post=4723"},{"taxonomy":"product_cat","embeddable":true,"href":"https:\/\/inoria.uz\/index.php?rest_route=%2Fwp%2Fv2%2Fproduct_cat&post=4723"},{"taxonomy":"product_tag","embeddable":true,"href":"https:\/\/inoria.uz\/index.php?rest_route=%2Fwp%2Fv2%2Fproduct_tag&post=4723"}],"curies":[{"name":"wp","href":"https:\/\/api.w.org\/{rel}","templated":true}]}}