{"id":4712,"date":"2024-06-15T22:17:08","date_gmt":"2024-06-15T22:17:08","guid":{"rendered":"https:\/\/inoria.uz\/?post_type=product&#038;p=4712"},"modified":"2024-06-15T22:17:08","modified_gmt":"2024-06-15T22:17:08","slug":"topaz","status":"publish","type":"product","link":"https:\/\/inoria.uz\/?product=topaz","title":{"rendered":"TOPAZ"},"content":{"rendered":"<p>D\u0131\u015f cephe kaplama i\u015fleri i\u00e7in akrilik em\u00fclsiyon bazl\u0131 su bazl\u0131 boya. \u0130\u00e7eri\u011finde bulunan \u00f6zel katk\u0131 maddeleri sayesinde boyal\u0131 y\u00fczeylerin y\u00fcksek buhar ge\u00e7irgenli\u011fini, neme ve tuzlu suya kar\u015f\u0131 dayan\u0131kl\u0131l\u0131\u011f\u0131n\u0131 sa\u011flar. G\u00fcne\u015f \u0131\u015f\u0131\u011f\u0131na maruz kalan y\u00fczeyler i\u00e7in solmaya kar\u015f\u0131 dayan\u0131kl\u0131 \u00f6zel pigmentler kullan\u0131l\u0131r. Kir olu\u015fturmad\u0131\u011f\u0131 i\u00e7in uzun y\u0131llar ilk g\u00fcnk\u00fc tazeli\u011fini korur.<\/p>\n","protected":false},"excerpt":{"rendered":"<p>D\u0131\u015f cephe kaplama i\u015fleri i\u00e7in akrilik em\u00fclsiyon bazl\u0131 su bazl\u0131 boya. \u0130\u00e7eri\u011finde bulunan \u00f6zel katk\u0131 maddeleri sayesinde boyal\u0131 y\u00fczeylerin y\u00fcksek buhar ge\u00e7irgenli\u011fini, neme ve tuzlu suya kar\u015f\u0131 dayan\u0131kl\u0131l\u0131\u011f\u0131n\u0131 sa\u011flar. G\u00fcne\u015f \u0131\u015f\u0131\u011f\u0131na maruz kalan y\u00fczeyler i\u00e7in solmaya kar\u015f\u0131 dayan\u0131kl\u0131 \u00f6zel pigmentler kullan\u0131l\u0131r. Kir olu\u015fturmad\u0131\u011f\u0131 i\u00e7in uzun y\u0131llar ilk g\u00fcnk\u00fc tazeli\u011fini korur.<\/p>\n","protected":false},"featured_media":4713,"comment_status":"open","ping_status":"closed","template":"","meta":[],"product_brand":[],"product_cat":[84],"product_tag":[],"class_list":{"0":"post-4712","1":"product","2":"type-product","3":"status-publish","4":"has-post-thumbnail","6":"product_cat-dis-cephe-tr","8":"first","9":"instock","10":"shipping-taxable","11":"product-type-simple","12":"layout-style-4","13":"col-md-4 col-sm-4 col-xs-6","14":"col-lg-3","15":"product-style-addtocart"},"_links":{"self":[{"href":"https:\/\/inoria.uz\/index.php?rest_route=\/wp\/v2\/product\/4712","targetHints":{"allow":["GET"]}}],"collection":[{"href":"https:\/\/inoria.uz\/index.php?rest_route=\/wp\/v2\/product"}],"about":[{"href":"https:\/\/inoria.uz\/index.php?rest_route=\/wp\/v2\/types\/product"}],"replies":[{"embeddable":true,"href":"https:\/\/inoria.uz\/index.php?rest_route=%2Fwp%2Fv2%2Fcomments&post=4712"}],"wp:featuredmedia":[{"embeddable":true,"href":"https:\/\/inoria.uz\/index.php?rest_route=\/wp\/v2\/media\/4713"}],"wp:attachment":[{"href":"https:\/\/inoria.uz\/index.php?rest_route=%2Fwp%2Fv2%2Fmedia&parent=4712"}],"wp:term":[{"taxonomy":"product_brand","embeddable":true,"href":"https:\/\/inoria.uz\/index.php?rest_route=%2Fwp%2Fv2%2Fproduct_brand&post=4712"},{"taxonomy":"product_cat","embeddable":true,"href":"https:\/\/inoria.uz\/index.php?rest_route=%2Fwp%2Fv2%2Fproduct_cat&post=4712"},{"taxonomy":"product_tag","embeddable":true,"href":"https:\/\/inoria.uz\/index.php?rest_route=%2Fwp%2Fv2%2Fproduct_tag&post=4712"}],"curies":[{"name":"wp","href":"https:\/\/api.w.org\/{rel}","templated":true}]}}