{"id":4707,"date":"2024-06-15T22:14:05","date_gmt":"2024-06-15T22:14:05","guid":{"rendered":"https:\/\/inoria.uz\/?post_type=product&#038;p=4707"},"modified":"2024-06-15T22:14:05","modified_gmt":"2024-06-15T22:14:05","slug":"garnet","status":"publish","type":"product","link":"https:\/\/inoria.uz\/?product=garnet","title":{"rendered":"GARNET"},"content":{"rendered":"<p>Akrilik kopolimer esasl\u0131, i\u00e7 cephe kaplamalar\u0131 i\u00e7in su bazl\u0131 boya. Y\u00fcksek ge\u00e7irgen yap\u0131s\u0131yla, \u00f6nerilen y\u00fczeylerde m\u00fckemmel yap\u0131\u015fma sa\u011flar. \u0130yi s\u00fcr\u00fcl\u00fcr ve uygulanmas\u0131 kolayd\u0131r. Bu sayede \u00fcr\u00fcn\u00fcn uyguland\u0131\u011f\u0131 y\u00fczeyler nefes al\u0131r.<\/p>\n","protected":false},"excerpt":{"rendered":"<p>Akrilik kopolimer esasl\u0131, i\u00e7 cephe kaplamalar\u0131 i\u00e7in su bazl\u0131 boya. Y\u00fcksek ge\u00e7irgen yap\u0131s\u0131yla, \u00f6nerilen y\u00fczeylerde m\u00fckemmel yap\u0131\u015fma sa\u011flar. \u0130yi s\u00fcr\u00fcl\u00fcr ve uygulanmas\u0131 kolayd\u0131r. Bu sayede \u00fcr\u00fcn\u00fcn uyguland\u0131\u011f\u0131 y\u00fczeyler nefes al\u0131r.<\/p>\n","protected":false},"featured_media":4708,"comment_status":"open","ping_status":"closed","template":"","meta":[],"product_brand":[],"product_cat":[83],"product_tag":[],"class_list":{"0":"post-4707","1":"product","2":"type-product","3":"status-publish","4":"has-post-thumbnail","6":"product_cat-ic-cephe-tr","8":"first","9":"instock","10":"shipping-taxable","11":"product-type-simple","12":"layout-style-4","13":"col-md-4 col-sm-4 col-xs-6","14":"col-lg-3","15":"product-style-addtocart"},"_links":{"self":[{"href":"https:\/\/inoria.uz\/index.php?rest_route=\/wp\/v2\/product\/4707","targetHints":{"allow":["GET"]}}],"collection":[{"href":"https:\/\/inoria.uz\/index.php?rest_route=\/wp\/v2\/product"}],"about":[{"href":"https:\/\/inoria.uz\/index.php?rest_route=\/wp\/v2\/types\/product"}],"replies":[{"embeddable":true,"href":"https:\/\/inoria.uz\/index.php?rest_route=%2Fwp%2Fv2%2Fcomments&post=4707"}],"wp:featuredmedia":[{"embeddable":true,"href":"https:\/\/inoria.uz\/index.php?rest_route=\/wp\/v2\/media\/4708"}],"wp:attachment":[{"href":"https:\/\/inoria.uz\/index.php?rest_route=%2Fwp%2Fv2%2Fmedia&parent=4707"}],"wp:term":[{"taxonomy":"product_brand","embeddable":true,"href":"https:\/\/inoria.uz\/index.php?rest_route=%2Fwp%2Fv2%2Fproduct_brand&post=4707"},{"taxonomy":"product_cat","embeddable":true,"href":"https:\/\/inoria.uz\/index.php?rest_route=%2Fwp%2Fv2%2Fproduct_cat&post=4707"},{"taxonomy":"product_tag","embeddable":true,"href":"https:\/\/inoria.uz\/index.php?rest_route=%2Fwp%2Fv2%2Fproduct_tag&post=4707"}],"curies":[{"name":"wp","href":"https:\/\/api.w.org\/{rel}","templated":true}]}}