{"id":3506,"date":"2022-05-01T22:41:12","date_gmt":"2022-05-01T22:41:12","guid":{"rendered":"https:\/\/inoria.uz\/?post_type=product&#038;p=3506"},"modified":"2025-11-22T13:04:11","modified_gmt":"2025-11-22T13:04:11","slug":"parke-vernigi","status":"publish","type":"product","link":"https:\/\/inoria.uz\/?product=parke-vernigi","title":{"rendered":"PARKE VERN\u0130\u011e\u0130"},"content":{"rendered":"<p>Tek bile\u015fenli \u00fcretan alkid esasl\u0131, hava ile kuruyan, sararmaz ve \u00e7izilmeye kar\u015f\u0131 dayan\u0131kl\u0131, uygulanmas\u0131 kolay, y\u00fcksek kaliteli parlak parke verniktir.<\/p>\n","protected":false},"excerpt":{"rendered":"<p>Tek bile\u015fenli \u00fcretan alkid esasl\u0131, hava ile kuruyan, sararmaz ve \u00e7izilmeye kar\u015f\u0131 dayan\u0131kl\u0131, uygulanmas\u0131 kolay, y\u00fcksek kaliteli parlak parke verniktir.<\/p>\n","protected":false},"featured_media":5013,"comment_status":"closed","ping_status":"closed","template":"","meta":[],"product_brand":[],"product_cat":[98],"product_tag":[],"class_list":{"0":"post-3506","1":"product","2":"type-product","3":"status-publish","4":"has-post-thumbnail","6":"product_cat-sentetik-vernik-tr","8":"first","9":"instock","10":"featured","11":"shipping-taxable","12":"product-type-simple","13":"layout-style-4","14":"col-md-4 col-sm-4 col-xs-6","15":"col-lg-3","16":"product-style-addtocart"},"_links":{"self":[{"href":"https:\/\/inoria.uz\/index.php?rest_route=\/wp\/v2\/product\/3506","targetHints":{"allow":["GET"]}}],"collection":[{"href":"https:\/\/inoria.uz\/index.php?rest_route=\/wp\/v2\/product"}],"about":[{"href":"https:\/\/inoria.uz\/index.php?rest_route=\/wp\/v2\/types\/product"}],"replies":[{"embeddable":true,"href":"https:\/\/inoria.uz\/index.php?rest_route=%2Fwp%2Fv2%2Fcomments&post=3506"}],"wp:featuredmedia":[{"embeddable":true,"href":"https:\/\/inoria.uz\/index.php?rest_route=\/wp\/v2\/media\/5013"}],"wp:attachment":[{"href":"https:\/\/inoria.uz\/index.php?rest_route=%2Fwp%2Fv2%2Fmedia&parent=3506"}],"wp:term":[{"taxonomy":"product_brand","embeddable":true,"href":"https:\/\/inoria.uz\/index.php?rest_route=%2Fwp%2Fv2%2Fproduct_brand&post=3506"},{"taxonomy":"product_cat","embeddable":true,"href":"https:\/\/inoria.uz\/index.php?rest_route=%2Fwp%2Fv2%2Fproduct_cat&post=3506"},{"taxonomy":"product_tag","embeddable":true,"href":"https:\/\/inoria.uz\/index.php?rest_route=%2Fwp%2Fv2%2Fproduct_tag&post=3506"}],"curies":[{"name":"wp","href":"https:\/\/api.w.org\/{rel}","templated":true}]}}