{"id":3501,"date":"2022-05-01T22:35:28","date_gmt":"2022-05-01T22:35:28","guid":{"rendered":"https:\/\/inoria.uz\/?post_type=product&#038;p=3501"},"modified":"2025-11-22T13:02:45","modified_gmt":"2025-11-22T13:02:45","slug":"yat-vernik","status":"publish","type":"product","link":"https:\/\/inoria.uz\/?product=yat-vernik","title":{"rendered":"YAT VERN\u0130\u011e\u0130"},"content":{"rendered":"<p>\u00dcretan alkid esasl\u0131 ve tek bile\u015fenli hava ile kuruyan, sararmaz ve \u00e7izilmeye kar\u015f\u0131 dayan\u0131kl\u0131, uygulanmas\u0131 kolay, y\u00fcksek kaliteli parlak verniktir<\/p>\n","protected":false},"excerpt":{"rendered":"<p>\u00dcretan alkid esasl\u0131 ve tek bile\u015fenli hava ile kuruyan, sararmaz ve \u00e7izilmeye kar\u015f\u0131 dayan\u0131kl\u0131, uygulanmas\u0131 kolay, y\u00fcksek kaliteli parlak verniktir<\/p>\n","protected":false},"featured_media":5010,"comment_status":"closed","ping_status":"closed","template":"","meta":[],"product_brand":[],"product_cat":[98],"product_tag":[],"class_list":{"0":"post-3501","1":"product","2":"type-product","3":"status-publish","4":"has-post-thumbnail","6":"product_cat-sentetik-vernik-tr","8":"first","9":"instock","10":"featured","11":"shipping-taxable","12":"product-type-simple","13":"layout-style-4","14":"col-md-4 col-sm-4 col-xs-6","15":"col-lg-3","16":"product-style-addtocart"},"_links":{"self":[{"href":"https:\/\/inoria.uz\/index.php?rest_route=\/wp\/v2\/product\/3501","targetHints":{"allow":["GET"]}}],"collection":[{"href":"https:\/\/inoria.uz\/index.php?rest_route=\/wp\/v2\/product"}],"about":[{"href":"https:\/\/inoria.uz\/index.php?rest_route=\/wp\/v2\/types\/product"}],"replies":[{"embeddable":true,"href":"https:\/\/inoria.uz\/index.php?rest_route=%2Fwp%2Fv2%2Fcomments&post=3501"}],"wp:featuredmedia":[{"embeddable":true,"href":"https:\/\/inoria.uz\/index.php?rest_route=\/wp\/v2\/media\/5010"}],"wp:attachment":[{"href":"https:\/\/inoria.uz\/index.php?rest_route=%2Fwp%2Fv2%2Fmedia&parent=3501"}],"wp:term":[{"taxonomy":"product_brand","embeddable":true,"href":"https:\/\/inoria.uz\/index.php?rest_route=%2Fwp%2Fv2%2Fproduct_brand&post=3501"},{"taxonomy":"product_cat","embeddable":true,"href":"https:\/\/inoria.uz\/index.php?rest_route=%2Fwp%2Fv2%2Fproduct_cat&post=3501"},{"taxonomy":"product_tag","embeddable":true,"href":"https:\/\/inoria.uz\/index.php?rest_route=%2Fwp%2Fv2%2Fproduct_tag&post=3501"}],"curies":[{"name":"wp","href":"https:\/\/api.w.org\/{rel}","templated":true}]}}