{"id":2987,"date":"2022-02-19T16:02:16","date_gmt":"2022-02-19T16:02:16","guid":{"rendered":"https:\/\/inoria.uz\/?post_type=product&#038;p=2987"},"modified":"2024-05-26T21:49:21","modified_gmt":"2024-05-26T21:49:21","slug":"1-7-konsantre-astar","status":"publish","type":"product","link":"https:\/\/inoria.uz\/?product=1-7-konsantre-astar","title":{"rendered":"1\/7 KONSANTRE ASTAR"},"content":{"rendered":"<p>Akrilik re\u00e7ine esasl\u0131, su bazl\u0131, i\u00e7 ve d\u0131\u015f cephe konsantre \u015feffaf astar\u0131d\u0131r. Emicili\u011fi y\u00fcksek y\u00fczeylere uyguland\u0131\u011f\u0131nda \u00fcst\u00fcn penetre \u00f6zelli\u011fi ile y\u00fczeyin emicili\u011fini d\u00fc\u015f\u00fcr\u00fcr ve son kat boya sarfiyat\u0131n\u0131 azalt\u0131r. Sa\u011flam bir zemin olu\u015fturarak boyan\u0131n yap\u0131\u015fmas\u0131n\u0131 art\u0131r\u0131r.<\/p>\n","protected":false},"excerpt":{"rendered":"<p>Akrilik re\u00e7ine esasl\u0131, su bazl\u0131, i\u00e7 ve d\u0131\u015f cephe konsantre \u015feffaf astar\u0131d\u0131r. Emicili\u011fi y\u00fcksek y\u00fczeylere uyguland\u0131\u011f\u0131nda \u00fcst\u00fcn penetre \u00f6zelli\u011fi ile y\u00fczeyin emicili\u011fini d\u00fc\u015f\u00fcr\u00fcr ve son kat boya sarfiyat\u0131n\u0131 azalt\u0131r. Sa\u011flam bir zemin olu\u015fturarak boyan\u0131n yap\u0131\u015fmas\u0131n\u0131 art\u0131r\u0131r.<\/p>\n","protected":false},"featured_media":4687,"comment_status":"closed","ping_status":"closed","template":"","meta":[],"product_brand":[],"product_cat":[92],"product_tag":[],"class_list":{"0":"post-2987","1":"product","2":"type-product","3":"status-publish","4":"has-post-thumbnail","6":"product_cat-astar-tr","8":"first","9":"instock","10":"featured","11":"shipping-taxable","12":"product-type-simple","13":"layout-style-4","14":"col-md-4 col-sm-4 col-xs-6","15":"col-lg-3","16":"product-style-addtocart"},"_links":{"self":[{"href":"https:\/\/inoria.uz\/index.php?rest_route=\/wp\/v2\/product\/2987","targetHints":{"allow":["GET"]}}],"collection":[{"href":"https:\/\/inoria.uz\/index.php?rest_route=\/wp\/v2\/product"}],"about":[{"href":"https:\/\/inoria.uz\/index.php?rest_route=\/wp\/v2\/types\/product"}],"replies":[{"embeddable":true,"href":"https:\/\/inoria.uz\/index.php?rest_route=%2Fwp%2Fv2%2Fcomments&post=2987"}],"wp:featuredmedia":[{"embeddable":true,"href":"https:\/\/inoria.uz\/index.php?rest_route=\/wp\/v2\/media\/4687"}],"wp:attachment":[{"href":"https:\/\/inoria.uz\/index.php?rest_route=%2Fwp%2Fv2%2Fmedia&parent=2987"}],"wp:term":[{"taxonomy":"product_brand","embeddable":true,"href":"https:\/\/inoria.uz\/index.php?rest_route=%2Fwp%2Fv2%2Fproduct_brand&post=2987"},{"taxonomy":"product_cat","embeddable":true,"href":"https:\/\/inoria.uz\/index.php?rest_route=%2Fwp%2Fv2%2Fproduct_cat&post=2987"},{"taxonomy":"product_tag","embeddable":true,"href":"https:\/\/inoria.uz\/index.php?rest_route=%2Fwp%2Fv2%2Fproduct_tag&post=2987"}],"curies":[{"name":"wp","href":"https:\/\/api.w.org\/{rel}","templated":true}]}}