{"id":2985,"date":"2022-02-19T15:56:21","date_gmt":"2022-02-19T15:56:21","guid":{"rendered":"https:\/\/inoria.uz\/?post_type=product&#038;p=2985"},"modified":"2024-05-26T21:50:15","modified_gmt":"2024-05-26T21:50:15","slug":"jade","status":"publish","type":"product","link":"https:\/\/inoria.uz\/?product=jade","title":{"rendered":"JADE"},"content":{"rendered":"<p>Akrilik em\u00fclsiyon esasl\u0131, su bazl\u0131, mat g\u00f6r\u00fcn\u00fcml\u00fc, son kat d\u0131\u015f cephe boyas\u0131d\u0131r. \u0130\u00e7erdi\u011fi \u00f6zel katk\u0131lar sayesinde uygulanan y\u00fczeylerde y\u00fcksek su buhar\u0131 ge\u00e7irgenli\u011fi, neme ve tuzlu suya kar\u015f\u0131 diren\u00e7 sa\u011flar. G\u00fcne\u015f alan y\u00fczeyler i\u00e7in renk solmas\u0131na kar\u015f\u0131 diren\u00e7li \u00f6zel pigmentler kullan\u0131lm\u0131\u015ft\u0131r.<\/p>\n","protected":false},"excerpt":{"rendered":"<p>Akrilik em\u00fclsiyon esasl\u0131, su bazl\u0131, mat g\u00f6r\u00fcn\u00fcml\u00fc, son kat d\u0131\u015f cephe boyas\u0131d\u0131r. \u0130\u00e7erdi\u011fi \u00f6zel katk\u0131lar sayesinde uygulanan y\u00fczeylerde y\u00fcksek su buhar\u0131 ge\u00e7irgenli\u011fi, neme ve tuzlu suya kar\u015f\u0131 diren\u00e7 sa\u011flar. G\u00fcne\u015f alan y\u00fczeyler i\u00e7in renk solmas\u0131na kar\u015f\u0131 diren\u00e7li \u00f6zel pigmentler kullan\u0131lm\u0131\u015ft\u0131r.<\/p>\n","protected":false},"featured_media":4680,"comment_status":"closed","ping_status":"closed","template":"","meta":[],"product_brand":[],"product_cat":[84],"product_tag":[],"class_list":{"0":"post-2985","1":"product","2":"type-product","3":"status-publish","4":"has-post-thumbnail","6":"product_cat-dis-cephe-tr","8":"first","9":"instock","10":"featured","11":"shipping-taxable","12":"product-type-simple","13":"layout-style-4","14":"col-md-4 col-sm-4 col-xs-6","15":"col-lg-3","16":"product-style-addtocart"},"_links":{"self":[{"href":"https:\/\/inoria.uz\/index.php?rest_route=\/wp\/v2\/product\/2985","targetHints":{"allow":["GET"]}}],"collection":[{"href":"https:\/\/inoria.uz\/index.php?rest_route=\/wp\/v2\/product"}],"about":[{"href":"https:\/\/inoria.uz\/index.php?rest_route=\/wp\/v2\/types\/product"}],"replies":[{"embeddable":true,"href":"https:\/\/inoria.uz\/index.php?rest_route=%2Fwp%2Fv2%2Fcomments&post=2985"}],"wp:featuredmedia":[{"embeddable":true,"href":"https:\/\/inoria.uz\/index.php?rest_route=\/wp\/v2\/media\/4680"}],"wp:attachment":[{"href":"https:\/\/inoria.uz\/index.php?rest_route=%2Fwp%2Fv2%2Fmedia&parent=2985"}],"wp:term":[{"taxonomy":"product_brand","embeddable":true,"href":"https:\/\/inoria.uz\/index.php?rest_route=%2Fwp%2Fv2%2Fproduct_brand&post=2985"},{"taxonomy":"product_cat","embeddable":true,"href":"https:\/\/inoria.uz\/index.php?rest_route=%2Fwp%2Fv2%2Fproduct_cat&post=2985"},{"taxonomy":"product_tag","embeddable":true,"href":"https:\/\/inoria.uz\/index.php?rest_route=%2Fwp%2Fv2%2Fproduct_tag&post=2985"}],"curies":[{"name":"wp","href":"https:\/\/api.w.org\/{rel}","templated":true}]}}