{"id":2984,"date":"2022-02-19T15:55:40","date_gmt":"2022-02-19T15:55:40","guid":{"rendered":"https:\/\/inoria.uz\/?post_type=product&#038;p=2984"},"modified":"2025-11-22T12:56:14","modified_gmt":"2025-11-22T12:56:14","slug":"sirius","status":"publish","type":"product","link":"https:\/\/inoria.uz\/?product=sirius","title":{"rendered":"SIRIUS"},"content":{"rendered":"<p>Akrilik re\u00e7ine esasl\u0131, su bazl\u0131, sedef g\u00f6r\u00fcn\u00fcm\u00fc veren silinebilir dekoratif i\u00e7 cephe boyas\u0131d\u0131r. Y\u00fczeylere dekoratif ama\u00e7l\u0131 uygulanan, farkl\u0131 uygulama aparatlar\u0131 ile \u0131\u015f\u0131\u011f\u0131n yans\u0131mas\u0131na ba\u011fl\u0131 sedefli desenler olu\u015fmas\u0131n\u0131 sa\u011flayan, \u00f6rt\u00fcc\u00fcl\u00fc\u011f\u00fc y\u00fcksek ve esnek yap\u0131da dekoratif i\u00e7 cephe boyas\u0131d\u0131r.<\/p>\n","protected":false},"excerpt":{"rendered":"<p>Akrilik re\u00e7ine esasl\u0131, su bazl\u0131, sedef g\u00f6r\u00fcn\u00fcm\u00fc veren silinebilir dekoratif i\u00e7 cephe boyas\u0131d\u0131r. Y\u00fczeylere dekoratif ama\u00e7l\u0131 uygulanan, farkl\u0131 uygulama aparatlar\u0131 ile \u0131\u015f\u0131\u011f\u0131n yans\u0131mas\u0131na ba\u011fl\u0131 sedefli desenler olu\u015fmas\u0131n\u0131 sa\u011flayan, \u00f6rt\u00fcc\u00fcl\u00fc\u011f\u00fc y\u00fcksek ve esnek yap\u0131da dekoratif i\u00e7 cephe boyas\u0131d\u0131r.<\/p>\n","protected":false},"featured_media":5009,"comment_status":"closed","ping_status":"closed","template":"","meta":[],"product_brand":[],"product_cat":[180],"product_tag":[],"class_list":{"0":"post-2984","1":"product","2":"type-product","3":"status-publish","4":"has-post-thumbnail","6":"product_cat-dekoratif-tr","8":"first","9":"instock","10":"featured","11":"shipping-taxable","12":"product-type-simple","13":"layout-style-4","14":"col-md-4 col-sm-4 col-xs-6","15":"col-lg-3","16":"product-style-addtocart"},"_links":{"self":[{"href":"https:\/\/inoria.uz\/index.php?rest_route=\/wp\/v2\/product\/2984","targetHints":{"allow":["GET"]}}],"collection":[{"href":"https:\/\/inoria.uz\/index.php?rest_route=\/wp\/v2\/product"}],"about":[{"href":"https:\/\/inoria.uz\/index.php?rest_route=\/wp\/v2\/types\/product"}],"replies":[{"embeddable":true,"href":"https:\/\/inoria.uz\/index.php?rest_route=%2Fwp%2Fv2%2Fcomments&post=2984"}],"wp:featuredmedia":[{"embeddable":true,"href":"https:\/\/inoria.uz\/index.php?rest_route=\/wp\/v2\/media\/5009"}],"wp:attachment":[{"href":"https:\/\/inoria.uz\/index.php?rest_route=%2Fwp%2Fv2%2Fmedia&parent=2984"}],"wp:term":[{"taxonomy":"product_brand","embeddable":true,"href":"https:\/\/inoria.uz\/index.php?rest_route=%2Fwp%2Fv2%2Fproduct_brand&post=2984"},{"taxonomy":"product_cat","embeddable":true,"href":"https:\/\/inoria.uz\/index.php?rest_route=%2Fwp%2Fv2%2Fproduct_cat&post=2984"},{"taxonomy":"product_tag","embeddable":true,"href":"https:\/\/inoria.uz\/index.php?rest_route=%2Fwp%2Fv2%2Fproduct_tag&post=2984"}],"curies":[{"name":"wp","href":"https:\/\/api.w.org\/{rel}","templated":true}]}}