{"id":2983,"date":"2022-02-19T15:54:36","date_gmt":"2022-02-19T15:54:36","guid":{"rendered":"https:\/\/inoria.uz\/?post_type=product&#038;p=2983"},"modified":"2024-05-26T21:51:27","modified_gmt":"2024-05-26T21:51:27","slug":"amber","status":"publish","type":"product","link":"https:\/\/inoria.uz\/?product=amber","title":{"rendered":"AMBER"},"content":{"rendered":"<p>Su bazl\u0131, akrilik re\u00e7ine esasl\u0131 ve silikon katk\u0131l\u0131, ipek mat g\u00f6r\u00fcn\u00fcml\u00fc, dekoratif i\u00e7 cephe antiviral son kat duvar boyas\u0131d\u0131r. Hastane, okul, kre\u015f ve bunun gibi t\u00fcm alanlarda kullan\u0131m\u0131 uygundur. Silikon katk\u0131lar\u0131 sayesinde y\u00fczeyde olu\u015fan lekelere kar\u015f\u0131 y\u00fcksek silinebilme ve dayan\u0131m \u00f6zelli\u011fine sahiptir.<\/p>\n","protected":false},"excerpt":{"rendered":"<p>Su bazl\u0131, akrilik re\u00e7ine esasl\u0131 ve silikon katk\u0131l\u0131, ipek mat g\u00f6r\u00fcn\u00fcml\u00fc, dekoratif i\u00e7 cephe antiviral son kat duvar boyas\u0131d\u0131r. Hastane, okul, kre\u015f ve bunun gibi t\u00fcm alanlarda kullan\u0131m\u0131 uygundur. Silikon katk\u0131lar\u0131 sayesinde y\u00fczeyde olu\u015fan lekelere kar\u015f\u0131 y\u00fcksek silinebilme ve dayan\u0131m \u00f6zelli\u011fine sahiptir.<\/p>\n","protected":false},"featured_media":4675,"comment_status":"closed","ping_status":"closed","template":"","meta":[],"product_brand":[],"product_cat":[83],"product_tag":[],"class_list":{"0":"post-2983","1":"product","2":"type-product","3":"status-publish","4":"has-post-thumbnail","6":"product_cat-ic-cephe-tr","8":"first","9":"instock","10":"featured","11":"shipping-taxable","12":"product-type-simple","13":"layout-style-4","14":"col-md-4 col-sm-4 col-xs-6","15":"col-lg-3","16":"product-style-addtocart"},"_links":{"self":[{"href":"https:\/\/inoria.uz\/index.php?rest_route=\/wp\/v2\/product\/2983","targetHints":{"allow":["GET"]}}],"collection":[{"href":"https:\/\/inoria.uz\/index.php?rest_route=\/wp\/v2\/product"}],"about":[{"href":"https:\/\/inoria.uz\/index.php?rest_route=\/wp\/v2\/types\/product"}],"replies":[{"embeddable":true,"href":"https:\/\/inoria.uz\/index.php?rest_route=%2Fwp%2Fv2%2Fcomments&post=2983"}],"wp:featuredmedia":[{"embeddable":true,"href":"https:\/\/inoria.uz\/index.php?rest_route=\/wp\/v2\/media\/4675"}],"wp:attachment":[{"href":"https:\/\/inoria.uz\/index.php?rest_route=%2Fwp%2Fv2%2Fmedia&parent=2983"}],"wp:term":[{"taxonomy":"product_brand","embeddable":true,"href":"https:\/\/inoria.uz\/index.php?rest_route=%2Fwp%2Fv2%2Fproduct_brand&post=2983"},{"taxonomy":"product_cat","embeddable":true,"href":"https:\/\/inoria.uz\/index.php?rest_route=%2Fwp%2Fv2%2Fproduct_cat&post=2983"},{"taxonomy":"product_tag","embeddable":true,"href":"https:\/\/inoria.uz\/index.php?rest_route=%2Fwp%2Fv2%2Fproduct_tag&post=2983"}],"curies":[{"name":"wp","href":"https:\/\/api.w.org\/{rel}","templated":true}]}}