{"id":2982,"date":"2022-02-19T15:53:17","date_gmt":"2022-02-19T15:53:17","guid":{"rendered":"https:\/\/inoria.uz\/?post_type=product&#038;p=2982"},"modified":"2024-05-26T21:51:56","modified_gmt":"2024-05-26T21:51:56","slug":"azurit","status":"publish","type":"product","link":"https:\/\/inoria.uz\/?product=azurit","title":{"rendered":"AZURIT"},"content":{"rendered":"<p>Akrilik Kopolimer re\u00e7ine esasl\u0131 ve silikon katk\u0131l\u0131, su bazl\u0131, mat g\u00f6r\u00fcn\u00fcml\u00fc, dekoratif i\u00e7 cephe son kat duvar boyas\u0131d\u0131r. Silikon katk\u0131lar\u0131 sayesinde mat g\u00f6r\u00fcn\u00fcml\u00fc olmas\u0131na ra\u011fmen silinebilme \u00f6zelli\u011fine sahiptir. \u00d6rt\u00fcc\u00fcl\u00fc\u011f\u00fc ve beyazl\u0131\u011f\u0131 y\u00fcksek olup \u00f6nerilen y\u00fczeylere m\u00fckemmel yap\u0131\u015fma sa\u011flar.<\/p>\n","protected":false},"excerpt":{"rendered":"<p>Akrilik Kopolimer re\u00e7ine esasl\u0131 ve silikon katk\u0131l\u0131, su bazl\u0131, mat g\u00f6r\u00fcn\u00fcml\u00fc, dekoratif i\u00e7 cephe son kat duvar boyas\u0131d\u0131r. Silikon katk\u0131lar\u0131 sayesinde mat g\u00f6r\u00fcn\u00fcml\u00fc olmas\u0131na ra\u011fmen silinebilme \u00f6zelli\u011fine sahiptir. \u00d6rt\u00fcc\u00fcl\u00fc\u011f\u00fc ve beyazl\u0131\u011f\u0131 y\u00fcksek olup \u00f6nerilen y\u00fczeylere m\u00fckemmel yap\u0131\u015fma sa\u011flar.<\/p>\n","protected":false},"featured_media":4677,"comment_status":"closed","ping_status":"closed","template":"","meta":[],"product_brand":[],"product_cat":[83],"product_tag":[],"class_list":{"0":"post-2982","1":"product","2":"type-product","3":"status-publish","4":"has-post-thumbnail","6":"product_cat-ic-cephe-tr","8":"first","9":"instock","10":"featured","11":"shipping-taxable","12":"product-type-simple","13":"layout-style-4","14":"col-md-4 col-sm-4 col-xs-6","15":"col-lg-3","16":"product-style-addtocart"},"_links":{"self":[{"href":"https:\/\/inoria.uz\/index.php?rest_route=\/wp\/v2\/product\/2982","targetHints":{"allow":["GET"]}}],"collection":[{"href":"https:\/\/inoria.uz\/index.php?rest_route=\/wp\/v2\/product"}],"about":[{"href":"https:\/\/inoria.uz\/index.php?rest_route=\/wp\/v2\/types\/product"}],"replies":[{"embeddable":true,"href":"https:\/\/inoria.uz\/index.php?rest_route=%2Fwp%2Fv2%2Fcomments&post=2982"}],"wp:featuredmedia":[{"embeddable":true,"href":"https:\/\/inoria.uz\/index.php?rest_route=\/wp\/v2\/media\/4677"}],"wp:attachment":[{"href":"https:\/\/inoria.uz\/index.php?rest_route=%2Fwp%2Fv2%2Fmedia&parent=2982"}],"wp:term":[{"taxonomy":"product_brand","embeddable":true,"href":"https:\/\/inoria.uz\/index.php?rest_route=%2Fwp%2Fv2%2Fproduct_brand&post=2982"},{"taxonomy":"product_cat","embeddable":true,"href":"https:\/\/inoria.uz\/index.php?rest_route=%2Fwp%2Fv2%2Fproduct_cat&post=2982"},{"taxonomy":"product_tag","embeddable":true,"href":"https:\/\/inoria.uz\/index.php?rest_route=%2Fwp%2Fv2%2Fproduct_tag&post=2982"}],"curies":[{"name":"wp","href":"https:\/\/api.w.org\/{rel}","templated":true}]}}