{"id":2980,"date":"2022-02-19T15:47:39","date_gmt":"2022-02-19T15:47:39","guid":{"rendered":"https:\/\/inoria.uz\/?post_type=product&#038;p=2980"},"modified":"2024-05-26T21:52:18","modified_gmt":"2024-05-26T21:52:18","slug":"agate","status":"publish","type":"product","link":"https:\/\/inoria.uz\/?product=agate","title":{"rendered":"AGATE"},"content":{"rendered":"<p>Akrilik kopolimer re\u00e7ine esasl\u0131, su bazl\u0131, mat g\u00f6r\u00fcn\u00fcml\u00fc dekoratif i\u00e7 cephe duvar boyas\u0131d\u0131r. \u00d6rt\u00fcc\u00fcl\u00fc\u011f\u00fc y\u00fcksek olup, \u00f6nerildi\u011fi y\u00fczeylere iyi bir yap\u0131\u015fma sa\u011flar. Yay\u0131lmas\u0131 iyi ve uygulamas\u0131 kolayd\u0131r. Uyguland\u0131\u011f\u0131 y\u00fczeylerin nefes almas\u0131na imk\u00e2n verir. Kokusuz ve \u00e7evre dostudur.<\/p>\n","protected":false},"excerpt":{"rendered":"<p>Akrilik kopolimer re\u00e7ine esasl\u0131, su bazl\u0131, mat g\u00f6r\u00fcn\u00fcml\u00fc dekoratif i\u00e7 cephe duvar boyas\u0131d\u0131r.<\/p>\n","protected":false},"featured_media":4688,"comment_status":"closed","ping_status":"closed","template":"","meta":[],"product_brand":[],"product_cat":[83],"product_tag":[],"class_list":{"0":"post-2980","1":"product","2":"type-product","3":"status-publish","4":"has-post-thumbnail","6":"product_cat-ic-cephe-tr","8":"first","9":"instock","10":"featured","11":"shipping-taxable","12":"product-type-simple","13":"layout-style-4","14":"col-md-4 col-sm-4 col-xs-6","15":"col-lg-3","16":"product-style-addtocart"},"_links":{"self":[{"href":"https:\/\/inoria.uz\/index.php?rest_route=\/wp\/v2\/product\/2980","targetHints":{"allow":["GET"]}}],"collection":[{"href":"https:\/\/inoria.uz\/index.php?rest_route=\/wp\/v2\/product"}],"about":[{"href":"https:\/\/inoria.uz\/index.php?rest_route=\/wp\/v2\/types\/product"}],"replies":[{"embeddable":true,"href":"https:\/\/inoria.uz\/index.php?rest_route=%2Fwp%2Fv2%2Fcomments&post=2980"}],"wp:featuredmedia":[{"embeddable":true,"href":"https:\/\/inoria.uz\/index.php?rest_route=\/wp\/v2\/media\/4688"}],"wp:attachment":[{"href":"https:\/\/inoria.uz\/index.php?rest_route=%2Fwp%2Fv2%2Fmedia&parent=2980"}],"wp:term":[{"taxonomy":"product_brand","embeddable":true,"href":"https:\/\/inoria.uz\/index.php?rest_route=%2Fwp%2Fv2%2Fproduct_brand&post=2980"},{"taxonomy":"product_cat","embeddable":true,"href":"https:\/\/inoria.uz\/index.php?rest_route=%2Fwp%2Fv2%2Fproduct_cat&post=2980"},{"taxonomy":"product_tag","embeddable":true,"href":"https:\/\/inoria.uz\/index.php?rest_route=%2Fwp%2Fv2%2Fproduct_tag&post=2980"}],"curies":[{"name":"wp","href":"https:\/\/api.w.org\/{rel}","templated":true}]}}