{"id":3389,"date":"2022-04-19T08:06:55","date_gmt":"2022-04-19T08:06:55","guid":{"rendered":"https:\/\/inoria.uz\/?page_id=3389"},"modified":"2022-05-16T18:37:44","modified_gmt":"2022-05-16T18:37:44","slug":"products_2","status":"publish","type":"page","link":"https:\/\/inoria.uz\/?page_id=3389&lang=tr","title":{"rendered":"Sentetik \u00dcr\u00fcn Grubu"},"content":{"rendered":"<p>[vc_row][vc_column]<div class=\"sober-product-grid sober-product-tabs sober-products sober-products-filterable   filterable filter-by-category filter-type-isotope\" data-columns=\"4\" data-per_page=\"20\" data-load_more=\"\" data-nonce=\"4768d2052d\"><div class=\"product-filter\"><ul class=\"filter\"><li data-filter=\"*\" class=\"line-hover active\">All Products<\/li>\n\t<li data-filter=\".product_cat-sentetik-boya-tr\" class=\"line-hover \">Boyalar<\/li>\n\t<li data-filter=\".product_cat-sentetik-vernik-tr\" class=\"line-hover \">Vernikler<\/li>\n\t<li data-filter=\".product_cat-sentetik-astar-tr\" class=\"line-hover \">Astarlar<\/li><\/ul><\/div><div class=\"products-grid\"><div class=\"woocommerce columns-4 \"><ul class=\"products columns-4\">\n<li class=\"layout-style-4 col-md-4 col-sm-4 col-xs-6 col-lg-3 product-style-addtocart product type-product post-4933 status-publish first instock product_cat-sentetik-boya-tr has-post-thumbnail shipping-taxable product-type-simple\">\n\t<div class=\"product-header\"><a href=\"https:\/\/inoria.uz\/?product=fastdry\" class=\"woocommerce-LoopProduct-link woocommerce-loop-product__link\"><img fetchpriority=\"high\" decoding=\"async\" width=\"220\" height=\"255\" src=\"https:\/\/inoria.uz\/wp-content\/uploads\/2025\/11\/FastDry-220x255.jpg\" class=\"attachment-woocommerce_thumbnail size-woocommerce_thumbnail\" alt=\"FAST DRY\" srcset=\"https:\/\/inoria.uz\/wp-content\/uploads\/2025\/11\/FastDry-220x255.jpg 220w, https:\/\/inoria.uz\/wp-content\/uploads\/2025\/11\/FastDry-259x300.jpg 259w, https:\/\/inoria.uz\/wp-content\/uploads\/2025\/11\/FastDry-882x1024.jpg 882w, https:\/\/inoria.uz\/wp-content\/uploads\/2025\/11\/FastDry-768x891.jpg 768w, https:\/\/inoria.uz\/wp-content\/uploads\/2025\/11\/FastDry-1324x1536.jpg 1324w, https:\/\/inoria.uz\/wp-content\/uploads\/2025\/11\/FastDry-400x464.jpg 400w, https:\/\/inoria.uz\/wp-content\/uploads\/2025\/11\/FastDry.jpg 1552w\" sizes=\"(max-width: 220px) 100vw, 220px\" \/><\/a>\n\t\t\n\t\t\t<div class=\"buttons-icon\">\n\t\t\t\t\t\t\t<\/div>\n\n\t\t\n\t\t\n\t\t\t<div class=\"buttons\">\n\t\t\t\t<a href=\"https:\/\/inoria.uz\/?product=fastdry\" data-quantity=\"1\" class=\"button product_type_simple sober-loop-atc-button\" data-product_id=\"4933\" data-product_sku=\"\" aria-label=\"&ldquo;FAST DRY&rdquo; hakk\u0131nda daha fazla bilgi edinin\" rel=\"nofollow\" data-success_message=\"\">\n\t\t\t\t<svg role=\"img\" viewBox=\"0 0 20 20\" width=\"20\" height=\"20\" > <use href=\"#basket-addtocart\" xlink:href=\"#basket-addtocart\"><\/use> <\/svg>\n\t\t\t\t<span class=\"screen-reader-text\">Devam\u0131n\u0131 oku<\/span>\n\t\t\t<\/a>\t<span id=\"woocommerce_loop_add_to_cart_link_describedby_4933\" class=\"screen-reader-text\">\n\t\t\t<\/span>\n\t\t\t<\/div>\n\n\t\t\n\t\t<\/div>\n\t\t<h3 class=\"woocommerce-loop-product__title\"><a href=\"https:\/\/inoria.uz\/?product=fastdry\">FAST DRY<\/a><\/h3>\n\n\t\t\n<\/li>\n<li class=\"layout-style-4 col-md-4 col-sm-4 col-xs-6 col-lg-3 product-style-addtocart product type-product post-5000 status-publish instock product_cat-sentetik-boya-tr has-post-thumbnail shipping-taxable product-type-simple\">\n\t<div class=\"product-header\"><a href=\"https:\/\/inoria.uz\/?product=floor-enamel\" class=\"woocommerce-LoopProduct-link woocommerce-loop-product__link\"><img decoding=\"async\" width=\"220\" height=\"255\" src=\"https:\/\/inoria.uz\/wp-content\/uploads\/2025\/11\/FloorEnamel-220x255.jpg\" class=\"attachment-woocommerce_thumbnail size-woocommerce_thumbnail\" alt=\"FLOOR ENAMEL\" srcset=\"https:\/\/inoria.uz\/wp-content\/uploads\/2025\/11\/FloorEnamel-220x255.jpg 220w, https:\/\/inoria.uz\/wp-content\/uploads\/2025\/11\/FloorEnamel-259x300.jpg 259w, https:\/\/inoria.uz\/wp-content\/uploads\/2025\/11\/FloorEnamel-882x1024.jpg 882w, https:\/\/inoria.uz\/wp-content\/uploads\/2025\/11\/FloorEnamel-768x891.jpg 768w, https:\/\/inoria.uz\/wp-content\/uploads\/2025\/11\/FloorEnamel-1324x1536.jpg 1324w, https:\/\/inoria.uz\/wp-content\/uploads\/2025\/11\/FloorEnamel-400x464.jpg 400w, https:\/\/inoria.uz\/wp-content\/uploads\/2025\/11\/FloorEnamel.jpg 1552w\" sizes=\"(max-width: 220px) 100vw, 220px\" \/><\/a>\n\t\t\n\t\t\t<div class=\"buttons-icon\">\n\t\t\t\t\t\t\t<\/div>\n\n\t\t\n\t\t\n\t\t\t<div class=\"buttons\">\n\t\t\t\t<a href=\"https:\/\/inoria.uz\/?product=floor-enamel\" data-quantity=\"1\" class=\"button product_type_simple sober-loop-atc-button\" data-product_id=\"5000\" data-product_sku=\"\" aria-label=\"&ldquo;FLOOR ENAMEL&rdquo; hakk\u0131nda daha fazla bilgi edinin\" rel=\"nofollow\" data-success_message=\"\">\n\t\t\t\t<svg role=\"img\" viewBox=\"0 0 20 20\" width=\"20\" height=\"20\" > <use href=\"#basket-addtocart\" xlink:href=\"#basket-addtocart\"><\/use> <\/svg>\n\t\t\t\t<span class=\"screen-reader-text\">Devam\u0131n\u0131 oku<\/span>\n\t\t\t<\/a>\t<span id=\"woocommerce_loop_add_to_cart_link_describedby_5000\" class=\"screen-reader-text\">\n\t\t\t<\/span>\n\t\t\t<\/div>\n\n\t\t\n\t\t<\/div>\n\t\t<h3 class=\"woocommerce-loop-product__title\"><a href=\"https:\/\/inoria.uz\/?product=floor-enamel\">FLOOR ENAMEL<\/a><\/h3>\n\n\t\t\n<\/li>\n<li class=\"layout-style-4 col-md-4 col-sm-4 col-xs-6 col-lg-3 product-style-addtocart product type-product post-4937 status-publish instock product_cat-sentetik-boya-tr has-post-thumbnail shipping-taxable product-type-simple\">\n\t<div class=\"product-header\"><a href=\"https:\/\/inoria.uz\/?product=inofit\" class=\"woocommerce-LoopProduct-link woocommerce-loop-product__link\"><img decoding=\"async\" width=\"220\" height=\"255\" src=\"https:\/\/inoria.uz\/wp-content\/uploads\/2025\/11\/InoFit-220x255.jpg\" class=\"attachment-woocommerce_thumbnail size-woocommerce_thumbnail\" alt=\"INO FIT\" srcset=\"https:\/\/inoria.uz\/wp-content\/uploads\/2025\/11\/InoFit-220x255.jpg 220w, https:\/\/inoria.uz\/wp-content\/uploads\/2025\/11\/InoFit-259x300.jpg 259w, https:\/\/inoria.uz\/wp-content\/uploads\/2025\/11\/InoFit-882x1024.jpg 882w, https:\/\/inoria.uz\/wp-content\/uploads\/2025\/11\/InoFit-768x891.jpg 768w, https:\/\/inoria.uz\/wp-content\/uploads\/2025\/11\/InoFit-1324x1536.jpg 1324w, https:\/\/inoria.uz\/wp-content\/uploads\/2025\/11\/InoFit-400x464.jpg 400w, https:\/\/inoria.uz\/wp-content\/uploads\/2025\/11\/InoFit.jpg 1552w\" sizes=\"(max-width: 220px) 100vw, 220px\" \/><\/a>\n\t\t\n\t\t\t<div class=\"buttons-icon\">\n\t\t\t\t\t\t\t<\/div>\n\n\t\t\n\t\t\n\t\t\t<div class=\"buttons\">\n\t\t\t\t<a href=\"https:\/\/inoria.uz\/?product=inofit\" data-quantity=\"1\" class=\"button product_type_simple sober-loop-atc-button\" data-product_id=\"4937\" data-product_sku=\"\" aria-label=\"&ldquo;INO FIT&rdquo; hakk\u0131nda daha fazla bilgi edinin\" rel=\"nofollow\" data-success_message=\"\">\n\t\t\t\t<svg role=\"img\" viewBox=\"0 0 20 20\" width=\"20\" height=\"20\" > <use href=\"#basket-addtocart\" xlink:href=\"#basket-addtocart\"><\/use> <\/svg>\n\t\t\t\t<span class=\"screen-reader-text\">Devam\u0131n\u0131 oku<\/span>\n\t\t\t<\/a>\t<span id=\"woocommerce_loop_add_to_cart_link_describedby_4937\" class=\"screen-reader-text\">\n\t\t\t<\/span>\n\t\t\t<\/div>\n\n\t\t\n\t\t<\/div>\n\t\t<h3 class=\"woocommerce-loop-product__title\"><a href=\"https:\/\/inoria.uz\/?product=inofit\">INO FIT<\/a><\/h3>\n\n\t\t\n<\/li>\n<li class=\"layout-style-4 col-md-4 col-sm-4 col-xs-6 col-lg-3 product-style-addtocart product type-product post-4795 status-publish last instock product_cat-sentetik-boya-tr has-post-thumbnail shipping-taxable product-type-simple\">\n\t<div class=\"product-header\"><a href=\"https:\/\/inoria.uz\/?product=lux-gloss-alkyd-enamel-4\" class=\"woocommerce-LoopProduct-link woocommerce-loop-product__link\"><img loading=\"lazy\" decoding=\"async\" width=\"220\" height=\"255\" src=\"https:\/\/inoria.uz\/wp-content\/uploads\/2025\/11\/alkyd-lux-220x255.jpg\" class=\"attachment-woocommerce_thumbnail size-woocommerce_thumbnail\" alt=\"L\u00dcKS PARLAK BOYA\" srcset=\"https:\/\/inoria.uz\/wp-content\/uploads\/2025\/11\/alkyd-lux-220x255.jpg 220w, https:\/\/inoria.uz\/wp-content\/uploads\/2025\/11\/alkyd-lux-259x300.jpg 259w, https:\/\/inoria.uz\/wp-content\/uploads\/2025\/11\/alkyd-lux-882x1024.jpg 882w, https:\/\/inoria.uz\/wp-content\/uploads\/2025\/11\/alkyd-lux-768x891.jpg 768w, https:\/\/inoria.uz\/wp-content\/uploads\/2025\/11\/alkyd-lux-1324x1536.jpg 1324w, https:\/\/inoria.uz\/wp-content\/uploads\/2025\/11\/alkyd-lux-400x464.jpg 400w, https:\/\/inoria.uz\/wp-content\/uploads\/2025\/11\/alkyd-lux.jpg 1552w\" sizes=\"(max-width: 220px) 100vw, 220px\" \/><\/a>\n\t\t\n\t\t\t<div class=\"buttons-icon\">\n\t\t\t\t\t\t\t<\/div>\n\n\t\t\n\t\t\n\t\t\t<div class=\"buttons\">\n\t\t\t\t<a href=\"https:\/\/inoria.uz\/?product=lux-gloss-alkyd-enamel-4\" data-quantity=\"1\" class=\"button product_type_simple sober-loop-atc-button\" data-product_id=\"4795\" data-product_sku=\"\" aria-label=\"&ldquo;L\u00dcKS PARLAK BOYA&rdquo; hakk\u0131nda daha fazla bilgi edinin\" rel=\"nofollow\" data-success_message=\"\">\n\t\t\t\t<svg role=\"img\" viewBox=\"0 0 20 20\" width=\"20\" height=\"20\" > <use href=\"#basket-addtocart\" xlink:href=\"#basket-addtocart\"><\/use> <\/svg>\n\t\t\t\t<span class=\"screen-reader-text\">Devam\u0131n\u0131 oku<\/span>\n\t\t\t<\/a>\t<span id=\"woocommerce_loop_add_to_cart_link_describedby_4795\" class=\"screen-reader-text\">\n\t\t\t<\/span>\n\t\t\t<\/div>\n\n\t\t\n\t\t<\/div>\n\t\t<h3 class=\"woocommerce-loop-product__title\"><a href=\"https:\/\/inoria.uz\/?product=lux-gloss-alkyd-enamel-4\">L\u00dcKS PARLAK BOYA<\/a><\/h3>\n\n\t\t\n<\/li>\n<li class=\"layout-style-4 col-md-4 col-sm-4 col-xs-6 col-lg-3 product-style-addtocart product type-product post-4728 status-publish first instock product_cat-sentetik-boya-tr product_cat-sentetik-tr has-post-thumbnail shipping-taxable product-type-simple\">\n\t<div class=\"product-header\"><a href=\"https:\/\/inoria.uz\/?product=mat-boya\" class=\"woocommerce-LoopProduct-link woocommerce-loop-product__link\"><img loading=\"lazy\" decoding=\"async\" width=\"220\" height=\"255\" src=\"https:\/\/inoria.uz\/wp-content\/uploads\/2025\/11\/matt-alkyd-220x255.jpg\" class=\"attachment-woocommerce_thumbnail size-woocommerce_thumbnail\" alt=\"MAT BOYA\" srcset=\"https:\/\/inoria.uz\/wp-content\/uploads\/2025\/11\/matt-alkyd-220x255.jpg 220w, https:\/\/inoria.uz\/wp-content\/uploads\/2025\/11\/matt-alkyd-259x300.jpg 259w, https:\/\/inoria.uz\/wp-content\/uploads\/2025\/11\/matt-alkyd-882x1024.jpg 882w, https:\/\/inoria.uz\/wp-content\/uploads\/2025\/11\/matt-alkyd-768x891.jpg 768w, https:\/\/inoria.uz\/wp-content\/uploads\/2025\/11\/matt-alkyd-1324x1536.jpg 1324w, https:\/\/inoria.uz\/wp-content\/uploads\/2025\/11\/matt-alkyd-400x464.jpg 400w, https:\/\/inoria.uz\/wp-content\/uploads\/2025\/11\/matt-alkyd.jpg 1552w\" sizes=\"(max-width: 220px) 100vw, 220px\" \/><\/a>\n\t\t\n\t\t\t<div class=\"buttons-icon\">\n\t\t\t\t\t\t\t<\/div>\n\n\t\t\n\t\t\n\t\t\t<div class=\"buttons\">\n\t\t\t\t<a href=\"https:\/\/inoria.uz\/?product=mat-boya\" data-quantity=\"1\" class=\"button product_type_simple sober-loop-atc-button\" data-product_id=\"4728\" data-product_sku=\"\" aria-label=\"&ldquo;MAT BOYA&rdquo; hakk\u0131nda daha fazla bilgi edinin\" rel=\"nofollow\" data-success_message=\"\">\n\t\t\t\t<svg role=\"img\" viewBox=\"0 0 20 20\" width=\"20\" height=\"20\" > <use href=\"#basket-addtocart\" xlink:href=\"#basket-addtocart\"><\/use> <\/svg>\n\t\t\t\t<span class=\"screen-reader-text\">Devam\u0131n\u0131 oku<\/span>\n\t\t\t<\/a>\t<span id=\"woocommerce_loop_add_to_cart_link_describedby_4728\" class=\"screen-reader-text\">\n\t\t\t<\/span>\n\t\t\t<\/div>\n\n\t\t\n\t\t<\/div>\n\t\t<h3 class=\"woocommerce-loop-product__title\"><a href=\"https:\/\/inoria.uz\/?product=mat-boya\">MAT BOYA<\/a><\/h3>\n\n\t\t\n<\/li>\n<li class=\"layout-style-4 col-md-4 col-sm-4 col-xs-6 col-lg-3 product-style-addtocart product type-product post-4791 status-publish instock product_cat-sentetik-boya-tr has-post-thumbnail shipping-taxable product-type-simple\">\n\t<div class=\"product-header\"><a href=\"https:\/\/inoria.uz\/?product=gloss-alkyd-enamel-4\" class=\"woocommerce-LoopProduct-link woocommerce-loop-product__link\"><img loading=\"lazy\" decoding=\"async\" width=\"220\" height=\"255\" src=\"https:\/\/inoria.uz\/wp-content\/uploads\/2025\/11\/alkyd-220x255.jpg\" class=\"attachment-woocommerce_thumbnail size-woocommerce_thumbnail\" alt=\"PARLAK BOYA\" srcset=\"https:\/\/inoria.uz\/wp-content\/uploads\/2025\/11\/alkyd-220x255.jpg 220w, https:\/\/inoria.uz\/wp-content\/uploads\/2025\/11\/alkyd-259x300.jpg 259w, https:\/\/inoria.uz\/wp-content\/uploads\/2025\/11\/alkyd-882x1024.jpg 882w, https:\/\/inoria.uz\/wp-content\/uploads\/2025\/11\/alkyd-768x891.jpg 768w, https:\/\/inoria.uz\/wp-content\/uploads\/2025\/11\/alkyd-1324x1536.jpg 1324w, https:\/\/inoria.uz\/wp-content\/uploads\/2025\/11\/alkyd-400x464.jpg 400w, https:\/\/inoria.uz\/wp-content\/uploads\/2025\/11\/alkyd.jpg 1552w\" sizes=\"(max-width: 220px) 100vw, 220px\" \/><\/a>\n\t\t\n\t\t\t<div class=\"buttons-icon\">\n\t\t\t\t\t\t\t<\/div>\n\n\t\t\n\t\t\n\t\t\t<div class=\"buttons\">\n\t\t\t\t<a href=\"https:\/\/inoria.uz\/?product=gloss-alkyd-enamel-4\" data-quantity=\"1\" class=\"button product_type_simple sober-loop-atc-button\" data-product_id=\"4791\" data-product_sku=\"\" aria-label=\"&ldquo;PARLAK BOYA&rdquo; hakk\u0131nda daha fazla bilgi edinin\" rel=\"nofollow\" data-success_message=\"\">\n\t\t\t\t<svg role=\"img\" viewBox=\"0 0 20 20\" width=\"20\" height=\"20\" > <use href=\"#basket-addtocart\" xlink:href=\"#basket-addtocart\"><\/use> <\/svg>\n\t\t\t\t<span class=\"screen-reader-text\">Devam\u0131n\u0131 oku<\/span>\n\t\t\t<\/a>\t<span id=\"woocommerce_loop_add_to_cart_link_describedby_4791\" class=\"screen-reader-text\">\n\t\t\t<\/span>\n\t\t\t<\/div>\n\n\t\t\n\t\t<\/div>\n\t\t<h3 class=\"woocommerce-loop-product__title\"><a href=\"https:\/\/inoria.uz\/?product=gloss-alkyd-enamel-4\">PARLAK BOYA<\/a><\/h3>\n\n\t\t\n<\/li>\n<li class=\"layout-style-4 col-md-4 col-sm-4 col-xs-6 col-lg-3 product-style-addtocart product type-product post-3508 status-publish instock product_cat-sentetik-vernik-tr has-post-thumbnail featured shipping-taxable product-type-simple\">\n\t<div class=\"product-header\"><a href=\"https:\/\/inoria.uz\/?product=dolgu-vernigi\" class=\"woocommerce-LoopProduct-link woocommerce-loop-product__link\"><img loading=\"lazy\" decoding=\"async\" width=\"220\" height=\"255\" src=\"https:\/\/inoria.uz\/wp-content\/uploads\/2025\/11\/selulozik-dolgu-220x255.jpg\" class=\"attachment-woocommerce_thumbnail size-woocommerce_thumbnail\" alt=\"SEL\u00dcLOZ\u0130K DOLGU VERN\u0130\u011e\u0130\" srcset=\"https:\/\/inoria.uz\/wp-content\/uploads\/2025\/11\/selulozik-dolgu-220x255.jpg 220w, https:\/\/inoria.uz\/wp-content\/uploads\/2025\/11\/selulozik-dolgu-259x300.jpg 259w, https:\/\/inoria.uz\/wp-content\/uploads\/2025\/11\/selulozik-dolgu-882x1024.jpg 882w, https:\/\/inoria.uz\/wp-content\/uploads\/2025\/11\/selulozik-dolgu-768x891.jpg 768w, https:\/\/inoria.uz\/wp-content\/uploads\/2025\/11\/selulozik-dolgu-1324x1536.jpg 1324w, https:\/\/inoria.uz\/wp-content\/uploads\/2025\/11\/selulozik-dolgu-400x464.jpg 400w, https:\/\/inoria.uz\/wp-content\/uploads\/2025\/11\/selulozik-dolgu.jpg 1552w\" sizes=\"(max-width: 220px) 100vw, 220px\" \/><\/a>\n\t\t\n\t\t\t<div class=\"buttons-icon\">\n\t\t\t\t\t\t\t<\/div>\n\n\t\t\n\t\t\n\t\t\t<div class=\"buttons\">\n\t\t\t\t<a href=\"https:\/\/inoria.uz\/?product=dolgu-vernigi\" data-quantity=\"1\" class=\"button product_type_simple sober-loop-atc-button\" data-product_id=\"3508\" data-product_sku=\"P-007\" aria-label=\"&ldquo;SEL\u00dcLOZ\u0130K DOLGU VERN\u0130\u011e\u0130&rdquo; hakk\u0131nda daha fazla bilgi edinin\" rel=\"nofollow\" data-success_message=\"\">\n\t\t\t\t<svg role=\"img\" viewBox=\"0 0 20 20\" width=\"20\" height=\"20\" > <use href=\"#basket-addtocart\" xlink:href=\"#basket-addtocart\"><\/use> <\/svg>\n\t\t\t\t<span class=\"screen-reader-text\">Devam\u0131n\u0131 oku<\/span>\n\t\t\t<\/a>\t<span id=\"woocommerce_loop_add_to_cart_link_describedby_3508\" class=\"screen-reader-text\">\n\t\t\t<\/span>\n\t\t\t<\/div>\n\n\t\t\n\t\t<\/div>\n\t\t<h3 class=\"woocommerce-loop-product__title\"><a href=\"https:\/\/inoria.uz\/?product=dolgu-vernigi\">SEL\u00dcLOZ\u0130K DOLGU VERN\u0130\u011e\u0130<\/a><\/h3>\n\n\t\t\n<\/li>\n<li class=\"layout-style-4 col-md-4 col-sm-4 col-xs-6 col-lg-3 product-style-addtocart product type-product post-3506 status-publish last instock product_cat-sentetik-vernik-tr has-post-thumbnail featured shipping-taxable product-type-simple\">\n\t<div class=\"product-header\"><a href=\"https:\/\/inoria.uz\/?product=parke-vernigi\" class=\"woocommerce-LoopProduct-link woocommerce-loop-product__link\"><img loading=\"lazy\" decoding=\"async\" width=\"220\" height=\"255\" src=\"https:\/\/inoria.uz\/wp-content\/uploads\/2025\/11\/parke-vernik-220x255.jpg\" class=\"attachment-woocommerce_thumbnail size-woocommerce_thumbnail\" alt=\"PARKE VERN\u0130\u011e\u0130\" srcset=\"https:\/\/inoria.uz\/wp-content\/uploads\/2025\/11\/parke-vernik-220x255.jpg 220w, https:\/\/inoria.uz\/wp-content\/uploads\/2025\/11\/parke-vernik-259x300.jpg 259w, https:\/\/inoria.uz\/wp-content\/uploads\/2025\/11\/parke-vernik-882x1024.jpg 882w, https:\/\/inoria.uz\/wp-content\/uploads\/2025\/11\/parke-vernik-768x891.jpg 768w, https:\/\/inoria.uz\/wp-content\/uploads\/2025\/11\/parke-vernik-1324x1536.jpg 1324w, https:\/\/inoria.uz\/wp-content\/uploads\/2025\/11\/parke-vernik-400x464.jpg 400w, https:\/\/inoria.uz\/wp-content\/uploads\/2025\/11\/parke-vernik.jpg 1552w\" sizes=\"(max-width: 220px) 100vw, 220px\" \/><\/a>\n\t\t\n\t\t\t<div class=\"buttons-icon\">\n\t\t\t\t\t\t\t<\/div>\n\n\t\t\n\t\t\n\t\t\t<div class=\"buttons\">\n\t\t\t\t<a href=\"https:\/\/inoria.uz\/?product=parke-vernigi\" data-quantity=\"1\" class=\"button product_type_simple sober-loop-atc-button\" data-product_id=\"3506\" data-product_sku=\"P-006\" aria-label=\"&ldquo;PARKE VERN\u0130\u011e\u0130&rdquo; hakk\u0131nda daha fazla bilgi edinin\" rel=\"nofollow\" data-success_message=\"\">\n\t\t\t\t<svg role=\"img\" viewBox=\"0 0 20 20\" width=\"20\" height=\"20\" > <use href=\"#basket-addtocart\" xlink:href=\"#basket-addtocart\"><\/use> <\/svg>\n\t\t\t\t<span class=\"screen-reader-text\">Devam\u0131n\u0131 oku<\/span>\n\t\t\t<\/a>\t<span id=\"woocommerce_loop_add_to_cart_link_describedby_3506\" class=\"screen-reader-text\">\n\t\t\t<\/span>\n\t\t\t<\/div>\n\n\t\t\n\t\t<\/div>\n\t\t<h3 class=\"woocommerce-loop-product__title\"><a href=\"https:\/\/inoria.uz\/?product=parke-vernigi\">PARKE VERN\u0130\u011e\u0130<\/a><\/h3>\n\n\t\t\n<\/li>\n<li class=\"layout-style-4 col-md-4 col-sm-4 col-xs-6 col-lg-3 product-style-addtocart product type-product post-3501 status-publish first instock product_cat-sentetik-vernik-tr has-post-thumbnail featured shipping-taxable product-type-simple\">\n\t<div class=\"product-header\"><a href=\"https:\/\/inoria.uz\/?product=yat-vernik\" class=\"woocommerce-LoopProduct-link woocommerce-loop-product__link\"><img loading=\"lazy\" decoding=\"async\" width=\"220\" height=\"255\" src=\"https:\/\/inoria.uz\/wp-content\/uploads\/2025\/11\/yat-vernik-220x255.jpg\" class=\"attachment-woocommerce_thumbnail size-woocommerce_thumbnail\" alt=\"YAT VERN\u0130\u011e\u0130\" srcset=\"https:\/\/inoria.uz\/wp-content\/uploads\/2025\/11\/yat-vernik-220x255.jpg 220w, https:\/\/inoria.uz\/wp-content\/uploads\/2025\/11\/yat-vernik-259x300.jpg 259w, https:\/\/inoria.uz\/wp-content\/uploads\/2025\/11\/yat-vernik-882x1024.jpg 882w, https:\/\/inoria.uz\/wp-content\/uploads\/2025\/11\/yat-vernik-768x891.jpg 768w, https:\/\/inoria.uz\/wp-content\/uploads\/2025\/11\/yat-vernik-1324x1536.jpg 1324w, https:\/\/inoria.uz\/wp-content\/uploads\/2025\/11\/yat-vernik-400x464.jpg 400w, https:\/\/inoria.uz\/wp-content\/uploads\/2025\/11\/yat-vernik.jpg 1552w\" sizes=\"(max-width: 220px) 100vw, 220px\" \/><\/a>\n\t\t\n\t\t\t<div class=\"buttons-icon\">\n\t\t\t\t\t\t\t<\/div>\n\n\t\t\n\t\t\n\t\t\t<div class=\"buttons\">\n\t\t\t\t<a href=\"https:\/\/inoria.uz\/?product=yat-vernik\" data-quantity=\"1\" class=\"button product_type_simple sober-loop-atc-button\" data-product_id=\"3501\" data-product_sku=\"P-001\" aria-label=\"&ldquo;YAT VERN\u0130\u011e\u0130&rdquo; hakk\u0131nda daha fazla bilgi edinin\" rel=\"nofollow\" data-success_message=\"\">\n\t\t\t\t<svg role=\"img\" viewBox=\"0 0 20 20\" width=\"20\" height=\"20\" > <use href=\"#basket-addtocart\" xlink:href=\"#basket-addtocart\"><\/use> <\/svg>\n\t\t\t\t<span class=\"screen-reader-text\">Devam\u0131n\u0131 oku<\/span>\n\t\t\t<\/a>\t<span id=\"woocommerce_loop_add_to_cart_link_describedby_3501\" class=\"screen-reader-text\">\n\t\t\t<\/span>\n\t\t\t<\/div>\n\n\t\t\n\t\t<\/div>\n\t\t<h3 class=\"woocommerce-loop-product__title\"><a href=\"https:\/\/inoria.uz\/?product=yat-vernik\">YAT VERN\u0130\u011e\u0130<\/a><\/h3>\n\n\t\t\n<\/li>\n<li class=\"layout-style-4 col-md-4 col-sm-4 col-xs-6 col-lg-3 product-style-addtocart product type-product post-3503 status-publish instock product_cat-sentetik-astar-tr has-post-thumbnail featured shipping-taxable product-type-simple\">\n\t<div class=\"product-header\"><a href=\"https:\/\/inoria.uz\/?product=sentetik-astar\" class=\"woocommerce-LoopProduct-link woocommerce-loop-product__link\"><img loading=\"lazy\" decoding=\"async\" width=\"220\" height=\"255\" src=\"https:\/\/inoria.uz\/wp-content\/uploads\/2025\/11\/sentetik-astar-220x255.jpg\" class=\"attachment-woocommerce_thumbnail size-woocommerce_thumbnail\" alt=\"SENTET\u0130K ASTAR\" srcset=\"https:\/\/inoria.uz\/wp-content\/uploads\/2025\/11\/sentetik-astar-220x255.jpg 220w, https:\/\/inoria.uz\/wp-content\/uploads\/2025\/11\/sentetik-astar-259x300.jpg 259w, https:\/\/inoria.uz\/wp-content\/uploads\/2025\/11\/sentetik-astar-882x1024.jpg 882w, https:\/\/inoria.uz\/wp-content\/uploads\/2025\/11\/sentetik-astar-768x891.jpg 768w, https:\/\/inoria.uz\/wp-content\/uploads\/2025\/11\/sentetik-astar-1324x1536.jpg 1324w, https:\/\/inoria.uz\/wp-content\/uploads\/2025\/11\/sentetik-astar-400x464.jpg 400w, https:\/\/inoria.uz\/wp-content\/uploads\/2025\/11\/sentetik-astar.jpg 1552w\" sizes=\"(max-width: 220px) 100vw, 220px\" \/><\/a>\n\t\t\n\t\t\t<div class=\"buttons-icon\">\n\t\t\t\t\t\t\t<\/div>\n\n\t\t\n\t\t\n\t\t\t<div class=\"buttons\">\n\t\t\t\t<a href=\"https:\/\/inoria.uz\/?product=sentetik-astar\" data-quantity=\"1\" class=\"button product_type_simple sober-loop-atc-button\" data-product_id=\"3503\" data-product_sku=\"P-003\" aria-label=\"&ldquo;SENTET\u0130K ASTAR&rdquo; hakk\u0131nda daha fazla bilgi edinin\" rel=\"nofollow\" data-success_message=\"\">\n\t\t\t\t<svg role=\"img\" viewBox=\"0 0 20 20\" width=\"20\" height=\"20\" > <use href=\"#basket-addtocart\" xlink:href=\"#basket-addtocart\"><\/use> <\/svg>\n\t\t\t\t<span class=\"screen-reader-text\">Devam\u0131n\u0131 oku<\/span>\n\t\t\t<\/a>\t<span id=\"woocommerce_loop_add_to_cart_link_describedby_3503\" class=\"screen-reader-text\">\n\t\t\t<\/span>\n\t\t\t<\/div>\n\n\t\t\n\t\t<\/div>\n\t\t<h3 class=\"woocommerce-loop-product__title\"><a href=\"https:\/\/inoria.uz\/?product=sentetik-astar\">SENTET\u0130K ASTAR<\/a><\/h3>\n\n\t\t\n<\/li>\n<li class=\"layout-style-4 col-md-4 col-sm-4 col-xs-6 col-lg-3 product-style-addtocart product type-product post-3504 status-publish instock product_cat-sentetik-astar-tr has-post-thumbnail featured shipping-taxable product-type-simple\">\n\t<div class=\"product-header\"><a href=\"https:\/\/inoria.uz\/?product=sentetik-antipas\" class=\"woocommerce-LoopProduct-link woocommerce-loop-product__link\"><img loading=\"lazy\" decoding=\"async\" width=\"220\" height=\"255\" src=\"https:\/\/inoria.uz\/wp-content\/uploads\/2025\/11\/anti-rust-220x255.jpg\" class=\"attachment-woocommerce_thumbnail size-woocommerce_thumbnail\" alt=\"SENTET\u0130K ANT\u0130PAS\" srcset=\"https:\/\/inoria.uz\/wp-content\/uploads\/2025\/11\/anti-rust-220x255.jpg 220w, https:\/\/inoria.uz\/wp-content\/uploads\/2025\/11\/anti-rust-259x300.jpg 259w, https:\/\/inoria.uz\/wp-content\/uploads\/2025\/11\/anti-rust-882x1024.jpg 882w, https:\/\/inoria.uz\/wp-content\/uploads\/2025\/11\/anti-rust-768x891.jpg 768w, https:\/\/inoria.uz\/wp-content\/uploads\/2025\/11\/anti-rust-1324x1536.jpg 1324w, https:\/\/inoria.uz\/wp-content\/uploads\/2025\/11\/anti-rust-400x464.jpg 400w, https:\/\/inoria.uz\/wp-content\/uploads\/2025\/11\/anti-rust.jpg 1552w\" sizes=\"(max-width: 220px) 100vw, 220px\" \/><\/a>\n\t\t\n\t\t\t<div class=\"buttons-icon\">\n\t\t\t\t\t\t\t<\/div>\n\n\t\t\n\t\t\n\t\t\t<div class=\"buttons\">\n\t\t\t\t<a href=\"https:\/\/inoria.uz\/?product=sentetik-antipas\" data-quantity=\"1\" class=\"button product_type_simple sober-loop-atc-button\" data-product_id=\"3504\" data-product_sku=\"P-004\" aria-label=\"&ldquo;SENTET\u0130K ANT\u0130PAS&rdquo; hakk\u0131nda daha fazla bilgi edinin\" rel=\"nofollow\" data-success_message=\"\">\n\t\t\t\t<svg role=\"img\" viewBox=\"0 0 20 20\" width=\"20\" height=\"20\" > <use href=\"#basket-addtocart\" xlink:href=\"#basket-addtocart\"><\/use> <\/svg>\n\t\t\t\t<span class=\"screen-reader-text\">Devam\u0131n\u0131 oku<\/span>\n\t\t\t<\/a>\t<span id=\"woocommerce_loop_add_to_cart_link_describedby_3504\" class=\"screen-reader-text\">\n\t\t\t<\/span>\n\t\t\t<\/div>\n\n\t\t\n\t\t<\/div>\n\t\t<h3 class=\"woocommerce-loop-product__title\"><a href=\"https:\/\/inoria.uz\/?product=sentetik-antipas\">SENTET\u0130K ANT\u0130PAS<\/a><\/h3>\n\n\t\t\n<\/li>\n<\/ul>\n<\/div><\/div><\/div>[\/vc_column][\/vc_row]<\/p>\n","protected":false},"excerpt":{"rendered":"<p>[vc_row][vc_column][\/vc_column][\/vc_row]<\/p>\n","protected":false},"author":1,"featured_media":0,"parent":0,"menu_order":0,"comment_status":"closed","ping_status":"closed","template":"","meta":{"footnotes":""},"class_list":["post-3389","page","type-page","status-publish","hentry"],"_links":{"self":[{"href":"https:\/\/inoria.uz\/index.php?rest_route=\/wp\/v2\/pages\/3389","targetHints":{"allow":["GET"]}}],"collection":[{"href":"https:\/\/inoria.uz\/index.php?rest_route=\/wp\/v2\/pages"}],"about":[{"href":"https:\/\/inoria.uz\/index.php?rest_route=\/wp\/v2\/types\/page"}],"author":[{"embeddable":true,"href":"https:\/\/inoria.uz\/index.php?rest_route=\/wp\/v2\/users\/1"}],"replies":[{"embeddable":true,"href":"https:\/\/inoria.uz\/index.php?rest_route=%2Fwp%2Fv2%2Fcomments&post=3389"}],"version-history":[{"count":11,"href":"https:\/\/inoria.uz\/index.php?rest_route=\/wp\/v2\/pages\/3389\/revisions"}],"predecessor-version":[{"id":4592,"href":"https:\/\/inoria.uz\/index.php?rest_route=\/wp\/v2\/pages\/3389\/revisions\/4592"}],"wp:attachment":[{"href":"https:\/\/inoria.uz\/index.php?rest_route=%2Fwp%2Fv2%2Fmedia&parent=3389"}],"curies":[{"name":"wp","href":"https:\/\/api.w.org\/{rel}","templated":true}]}}