{"id":2871,"date":"2022-02-17T20:54:50","date_gmt":"2022-02-17T20:54:50","guid":{"rendered":"https:\/\/inoria.uz\/?page_id=2871"},"modified":"2024-07-24T19:08:07","modified_gmt":"2024-07-24T19:08:07","slug":"inoriadan-oneriler","status":"publish","type":"page","link":"https:\/\/inoria.uz\/?page_id=2871&lang=tr","title":{"rendered":"Inoriadan \u00d6neriler"},"content":{"rendered":"<p>[vc_row][vc_column][vc_custom_heading text=&#8221;\u201cOdalar\u0131n\u0131z\u0131n rengi sizi yans\u0131t\u0131r. Boyan\u0131z\u0131 se\u00e7in, harekete ge\u00e7in!\u201d&#8221; font_container=&#8221;tag:h2|text_align:center&#8221; use_theme_fonts=&#8221;yes&#8221;][vc_column_text]<\/p>\n<h3><strong>Oda Duvarlar\u0131n\u0131z \u0130\u00e7in:<\/strong><\/h3>\n<p style=\"text-align: justify;\">Evin dekorasyonunu, mimarisini ve e\u015fya tasar\u0131mlar\u0131n\u0131 g\u00f6steren en \u00f6nemli etkenlerden biri de odalar\u0131n renkleridir. Renklerin se\u00e7imi kadar boyan\u0131n uygulanmas\u0131 da \u00f6nemlidir. Duvarda meydana gelen kusurlar\u0131n kapat\u0131lmas\u0131 i\u00e7in, duvar\u0131 p\u00fcr\u00fczs\u00fcz \u015fekilde boyamak \u00f6nemlidir. E\u011fer zevkinize ve mekan\u0131n\u0131z\u0131n \u00f6zelliklerine en uygun renkleri se\u00e7tiyseniz, i\u015fin p\u00fcf noktalar\u0131na bakal\u0131m.<\/p>\n<p>[\/vc_column_text]<div class=\"sober-empty-space \" style=\"height: 30px\"><\/div>[\/vc_column][\/vc_row][vc_row][vc_column width=&#8221;1\/2&#8243; css=&#8221;.vc_custom_1651500912779{margin-top: 30px !important;margin-bottom: 30px !important;}&#8221;][vc_single_image image=&#8221;3739&#8243; img_size=&#8221;full&#8221;][vc_custom_heading text=&#8221;\u0130htiya\u00e7 Duyaca\u011f\u0131n\u0131z Malzemeler&#8221; font_container=&#8221;tag:h6|text_align:left&#8221; use_theme_fonts=&#8221;yes&#8221; el_class=&#8221;suggest-header&#8221;][vc_column_text]<\/p>\n<ul style=\"text-align: justify;\">\n<li>Boya \u0131zgaras\u0131,<\/li>\n<li>Spatula<\/li>\n<li>Z\u0131mpara<\/li>\n<li>Boya f\u0131r\u00e7as\u0131<\/li>\n<li>Su ve temiz bez<\/li>\n<li>Boya rulosu<\/li>\n<li>Merdiven<\/li>\n<li>K\u00e2\u011f\u0131t bant (Cam ve kap\u0131 gibi yerlerin boya olmamas\u0131 i\u00e7in)<\/li>\n<li>Boya kar\u0131\u015f\u0131m\u0131 i\u00e7in<\/li>\n<li>Al\u00e7\u0131 ya da macun (\u00c7atlak vs. olan alanlar\u0131 kapatmak i\u00e7in)<\/li>\n<\/ul>\n<p>[\/vc_column_text][\/vc_column][vc_column width=&#8221;1\/2&#8243; css=&#8221;.vc_custom_1651500919238{margin-top: 30px !important;margin-bottom: 30px !important;}&#8221;][vc_single_image image=&#8221;3738&#8243; img_size=&#8221;full&#8221;][vc_custom_heading text=&#8221;P\u00fcf Noktalar&#8221; font_container=&#8221;tag:h6|text_align:left&#8221; use_theme_fonts=&#8221;yes&#8221; el_class=&#8221;suggest-header&#8221;][vc_column_text]<\/p>\n<p style=\"text-align: justify;\">Boyan\u0131n i\u00e7indeki etken maddelerden dolay\u0131 ortama bir koku yay\u0131l\u0131r. Sa\u011fl\u0131k a\u00e7\u0131s\u0131ndan, boyalar\u0131 a\u00e7\u0131k alanda a\u00e7man\u0131z daha sa\u011fl\u0131kl\u0131 olacakt\u0131r. A\u00e7\u0131k alanda a\u011fz\u0131 a\u00e7\u0131lan boyalar\u0131, bir s\u00fcre havaland\u0131r\u0131n.<\/p>\n<p>Boya kutusunun \u00fczerindeki talimatlar\u0131 dikkatlice okuyun.<\/p>\n<p>Ard\u0131ndan boya kutusu ile birlikte gelen incelticileri, tarifte belirtildi\u011fi kadar ekleyin. Boyay\u0131 \u00e7o\u011faltmak veya rengini a\u00e7mak i\u00e7in \u00e7ok su eklemeyin. Bu, boyan\u0131n bile\u015fen yap\u0131s\u0131na zarar vererek, ideal rengin elde edilmesine engel olur.<\/p>\n<p>\u00d6nlem olarak, boya yapmadan \u00f6nce, elektrik ak\u0131m\u0131n\u0131 kapatmay\u0131 unutmay\u0131n.<\/p>\n<p>[\/vc_column_text][\/vc_column][\/vc_row][vc_row][vc_column width=&#8221;1\/2&#8243; css=&#8221;.vc_custom_1651500787711{margin-top: 30px !important;margin-bottom: 30px !important;}&#8221;][vc_single_image image=&#8221;3736&#8243; img_size=&#8221;full&#8221;][vc_custom_heading text=&#8221;Boya Badana Yaparken&#8221; font_container=&#8221;tag:h6|text_align:left&#8221; use_theme_fonts=&#8221;yes&#8221; el_class=&#8221;suggest-header&#8221;][vc_column_text]<\/p>\n<p style=\"text-align: justify;\">Boyamaya ba\u015flamadan \u00f6nce duvar y\u00fczeylerinin d\u00fczg\u00fcn olmas\u0131 \u00f6nemlidir. Eski boya kal\u0131nt\u0131lar\u0131, rutubet gibi sebeplerden dolay\u0131 duvarlar p\u00fct\u00fcrle\u015fir, y\u00fckselti, girinti \u00e7\u0131k\u0131nt\u0131 olu\u015fabilir. Ayr\u0131ca \u00e7ukurlar da olu\u015fabilir. \u00c7ukurlar i\u00e7in al\u00e7\u0131, d\u00fczle\u015ftirmek i\u00e7in duvar z\u0131mparas\u0131 kullanabilirsiniz. B\u00f6ylece boyama sonras\u0131 p\u00fcr\u00fczs\u00fcz bir g\u00f6r\u00fcn\u00fcm elde edebilirsiniz.<\/p>\n<p>Duvarlar nemli ise boya yap\u0131lmamal\u0131d\u0131r. Islak y\u00fczeyde boya istenilen \u015fekilde tutmaz, kal\u0131c\u0131 olmaz.<\/p>\n<p>Boya i\u015flemine ba\u015flarken \u00f6ncelikle f\u0131r\u00e7a kullan\u0131lmal\u0131d\u0131r.<\/p>\n<p>Pencere kenarlar\u0131, duvar dipleri, elektrik prizleri gibi ince i\u015f\u00e7ilik gerektiren yerler rulo ile boyanmamal\u0131d\u0131r. Gerekti\u011finde pencere kenarlar\u0131na, priz \u00e7evresine k\u00e2\u011f\u0131t bant yap\u0131\u015ft\u0131r\u0131labilir. K\u00e2\u011f\u0131t bant y\u00fczeye zarar vermez. Kolayca \u00e7\u0131kabilir. \u00c7\u0131kar\u0131ld\u0131ktan sonra boya renginde fark olmamas\u0131 i\u00e7in ince f\u0131r\u00e7a ile bir kat boya yap\u0131labilir.<\/p>\n<p>F\u0131r\u00e7an\u0131n ucunu 1 cm\u2019den az olacak \u015fekilde boyaya bat\u0131r\u0131n ve yedirerek duvara s\u00fcr\u00fcn. B\u00f6ylece f\u0131r\u00e7a izi kalmayacakt\u0131r.<\/p>\n<p>Rulo kullanacaksan\u0131z, ruloyu boyan\u0131n i\u00e7ine tamamen bat\u0131rmay\u0131n. Y\u00fczeyden \u00e7evirerek rulonun boya almas\u0131n\u0131 sa\u011flay\u0131n. (Rulo kullan\u0131rken boya \u0131zgaras\u0131 da kullanabilirsiniz. Izgara, boyan\u0131n fazlas\u0131n\u0131 alacakt\u0131r.)<\/p>\n<p>Ard\u0131ndan kal\u0131n olmayacak \u015fekilde duvara boyay\u0131 yay\u0131n. \u0130lk kat ince olmal\u0131d\u0131r. Boyamaya ilk olarak tavan kenarlar\u0131ndan ba\u015flay\u0131n. Bunun i\u00e7in ince ve k\u00fc\u00e7\u00fck bir f\u0131r\u00e7a kullan\u0131n. Ayr\u0131ca uzun sapl\u0131 olmas\u0131 da i\u015finizi kolayla\u015ft\u0131r\u0131r.<\/p>\n<p>[\/vc_column_text][\/vc_column][vc_column width=&#8221;1\/2&#8243; css=&#8221;.vc_custom_1651500797629{margin-top: 30px !important;margin-bottom: 30px !important;}&#8221;][vc_single_image image=&#8221;3737&#8243; img_size=&#8221;full&#8221;][vc_custom_heading text=&#8221;Renk Tonunu Yakalamak \u0130\u00e7in&#8221; font_container=&#8221;tag:h6|text_align:left&#8221; use_theme_fonts=&#8221;yes&#8221; el_class=&#8221;suggest-header&#8221;][vc_column_text]<\/p>\n<p style=\"text-align: justify;\">\u0130lk kat\u0131 ince s\u00fcrmeniz, kuruman\u0131n \u00e7abuk olmas\u0131n\u0131 sa\u011flar. Ard\u0131ndan kurumas\u0131n\u0131 bekleyin. (Boya kutusunun \u00fczerinde bekleme s\u00fcreleri belirtilmi\u015ftir.) Boya, kuruma saatinden \u00f6nce ya da \u00e7ok sonra yap\u0131lmamal\u0131d\u0131r.<\/p>\n<p>\u0130kinci kat boyay\u0131 s\u00fcrerken de yukar\u0131da belirtilen a\u015famalar\u0131n ayn\u0131s\u0131 uygulan\u0131r. Tek fark\u0131, ikinci kat\u0131n biraz daha kal\u0131n s\u00fcr\u00fclebilmesidir. E\u011fer ikinci kat boya, gere\u011finden fazla s\u00fcr\u00fcl\u00fcrse, kuruduktan sonra \u00e7atlamaya neden olabilir.<\/p>\n<p>Boyama i\u015flemi bittikten sonra pencere kenarlar\u0131na, priz \u00e7evresine yap\u0131\u015ft\u0131r\u0131lan ka\u011f\u0131t bantlar\u0131, kurumadan s\u00f6k\u00fcn. Ka\u011f\u0131t bantlar\u0131n \u00e7\u0131kar\u0131ld\u0131\u011f\u0131 yerlerde renk de\u011fi\u015fikli\u011fi olmamas\u0131 i\u00e7in, f\u0131r\u00e7a ile \u00fczerinden ge\u00e7ebilirsiniz.<\/p>\n<p><em>Yarat\u0131c\u0131 \u00d6neriler:<\/em> Evinize ve i\u015f yerinize farkl\u0131 bir hava katmak, renkli bir konsept olu\u015fturmak ya da iddial\u0131 bir ambiyans yaratmak i\u00e7in ise Inoria Dekoratif Boyalar koleksiyonumuza mutlaka g\u00f6z at\u0131n.<\/p>\n<p>[\/vc_column_text][\/vc_column][\/vc_row][vc_row][vc_column width=&#8221;1\/2&#8243; css=&#8221;.vc_custom_1651500787711{margin-top: 30px !important;margin-bottom: 30px !important;}&#8221;][vc_single_image image=&#8221;4849&#8243; img_size=&#8221;full&#8221;][vc_custom_heading text=&#8221;Do\u011fan\u0131n Esteti\u011fini Mekanlar\u0131n\u0131za Ta\u015f\u0131y\u0131n!&#8221; font_container=&#8221;tag:h6|text_align:left&#8221; use_theme_fonts=&#8221;yes&#8221; el_class=&#8221;suggest-header&#8221;][vc_column_text]D\u0131\u015f cepheler, bir binan\u0131n estetik kimli\u011fine dair ilk izlenimleri olu\u015fturur. Bu nedenle, d\u0131\u015f cephe kaplamalar\u0131n\u0131n hem g\u00f6rsel a\u00e7\u0131dan \u00e7ekici, hem de dayan\u0131kl\u0131 olmas\u0131 b\u00fcy\u00fck \u00f6nem ta\u015f\u0131r. Do\u011fal ta\u015f g\u00f6r\u00fcn\u00fcmleri, y\u0131llarca modas\u0131 ge\u00e7meyen ve yap\u0131ya sofistike bir hava katan se\u00e7enekler aras\u0131nda yer al\u0131r.<\/p>\n<p>\u0130lham\u0131n\u0131 do\u011fadan alan <strong>INORIA TRAVERTEN<\/strong>, d\u0131\u015f cephe kaplamalar\u0131n\u0131zda bir\u00e7ok \u00f6nemli avantaj sunar:<\/p>\n<ul>\n<li><strong>Do\u011fal G\u00fczellik<\/strong>: TRAVERTEN, d\u0131\u015f cephelerinize do\u011fal ta\u015f g\u00f6r\u00fcn\u00fcm\u00fc vererek binan\u0131za zamans\u0131z bir zarafet kazand\u0131r\u0131r. Beyazdan kahverengi tonlar\u0131na kadar uzanan renk ge\u00e7i\u015fleri ile her mimari stile uyumludur.<\/li>\n<li><strong>G\u00fcne\u015f I\u015f\u0131nlar\u0131na Dayan\u0131kl\u0131l\u0131k<\/strong>: TRAVERTEN, g\u00fcne\u015f \u0131\u015f\u0131nlar\u0131na kar\u015f\u0131 koruma sa\u011flayan pigmentleri sayesinde renk solmalar\u0131na kar\u015f\u0131 olduk\u00e7a dayan\u0131kl\u0131d\u0131r ve binan\u0131z\u0131n d\u0131\u015f cephesinin uzun \u00f6m\u00fcrl\u00fc olmas\u0131n\u0131 sa\u011flar.<\/li>\n<li><strong style=\"font-family: Calibri; font-size: 16px;\">Suya Dayan\u0131kl\u0131l\u0131k<\/strong><span style=\"font-family: Calibri; font-size: 16px;\">: TRAVERTEN, i\u00e7eri\u011finde bulunan \u00f6zel katk\u0131 maddeleri sayesinde ya\u011fmur ve nem kaynakl\u0131 hasarlara kar\u015f\u0131 \u00fcst\u00fcn koruma sa\u011flar.<\/span><\/li>\n<\/ul>\n<p>[\/vc_column_text][\/vc_column][vc_column width=&#8221;1\/2&#8243; css=&#8221;.vc_custom_1651500797629{margin-top: 30px !important;margin-bottom: 30px !important;}&#8221;][vc_single_image image=&#8221;4848&#8243; img_size=&#8221;full&#8221;][vc_custom_heading text=&#8221;Zarif ve \u00c7arp\u0131c\u0131 Dekorasyonun S\u0131rr\u0131: I\u015f\u0131lt\u0131l\u0131 Duvarlar&#8221; font_container=&#8221;tag:h6|text_align:left&#8221; use_theme_fonts=&#8221;yes&#8221; el_class=&#8221;suggest-header&#8221;][vc_column_text]Evlerimiz, sadece bar\u0131nma ihtiyac\u0131m\u0131z\u0131 kar\u015f\u0131layan alanlardan \u00e7ok \u00f6te, ruh halimizi \u015fekillendiren ve ya\u015fam tarz\u0131m\u0131z\u0131 yans\u0131tan \u00f6zel mekanlard\u0131r. Evinizin atmosferini \u015fekillendirmenin en etkili yolu ise dekorasyondaki inceliklerdir.<\/p>\n<p><strong>INORIA SIRIUS<\/strong> ile Evinize L\u00fcks ve Zarif Bir G\u00f6r\u00fcn\u00fcm Kat\u0131n:<\/p>\n<ul>\n<li><strong>I\u015f\u0131lt\u0131l\u0131 Duvarlar<\/strong>: SIRIUS&#8217;un inci efekti, ya\u015fam alan\u0131n\u0131z\u0131 \u00e7arp\u0131c\u0131 hale getirir ve l\u00fcks bir atmosfer yarat\u0131r. Avize ve lambalar\u0131n \u0131\u015f\u0131\u011f\u0131nda bu \u0131\u015f\u0131lt\u0131 daha da \u00f6ne \u00e7\u0131karak mekan\u0131n\u0131za g\u00f6z al\u0131c\u0131 bir hava katar.<\/li>\n<li><strong>Derinlik ve Boyut<\/strong>: SIRIUS, \u00f6zellikle dar alanlarda uyguland\u0131\u011f\u0131nda odalar\u0131n\u0131za derinlik ve boyut kazand\u0131r\u0131r. Bu sayede daha ferah, geni\u015f ve keyifli bir ortam yaratabilirsiniz.<\/li>\n<li><strong>Dinamik Mimari<\/strong>: SIRIUS ile belli duvarlara yapaca\u011f\u0131n\u0131z k\u00fc\u00e7\u00fck dokunu\u015flarla mekan\u0131n\u0131z\u0131n mimari yap\u0131s\u0131n\u0131 dinamik bir forma sokabilir ve s\u0131rad\u0131\u015f\u0131 bir karakter kazand\u0131rabilirsiniz.<\/li>\n<li><strong>Ki\u015fisel Tarz<\/strong>: Farkl\u0131 uygulama teknikleri ile \u00f6zg\u00fcn tasar\u0131mlar olu\u015fturabilir ve mekan\u0131n\u0131zda ki\u015fisel tarz\u0131n\u0131z\u0131 yans\u0131tabilirsiniz.<\/li>\n<li><strong>Kolay Uygulama<\/strong>: SIRIUS\u2019un kolay uygulama imkan\u0131 ile zahmete girmeden b\u00fcy\u00fck de\u011fi\u015fiklikler yapabilirsiniz.<\/li>\n<\/ul>\n<p>[\/vc_column_text][\/vc_column][\/vc_row][vc_row][vc_column width=&#8221;1\/2&#8243; css=&#8221;.vc_custom_1651500787711{margin-top: 30px !important;margin-bottom: 30px !important;}&#8221;][vc_single_image image=&#8221;4847&#8243; img_size=&#8221;full&#8221;][vc_custom_heading text=&#8221;\u00c7ocuk Odas\u0131 Boyas\u0131 Se\u00e7erken Dikkat Edilmesi Gerekenler&#8221; font_container=&#8221;tag:h6|text_align:left&#8221; use_theme_fonts=&#8221;yes&#8221; el_class=&#8221;suggest-header&#8221;][vc_column_text]\u00c7ocuk odalar\u0131, k\u00fc\u00e7\u00fcklerimizin hayal d\u00fcnyalar\u0131n\u0131 besleyen, oyunlar oynad\u0131klar\u0131 ve b\u00fcy\u00fcd\u00fckleri \u00f6zel alanlard\u0131r. Bu nedenle, bu odalar\u0131n dekorasyonu da b\u00fcy\u00fck \u00f6nem ta\u015f\u0131r. Fakat \u00e7ocuk odas\u0131na boya se\u00e7erken sadece renge de\u011fil, sa\u011fl\u0131\u011fa, g\u00fcvenli\u011fe ve kullan\u0131\u015fl\u0131l\u0131\u011fa da dikkat etmek gerekir.<\/p>\n<p>INORIA&#8217;n\u0131n uluslararas\u0131 akredite kurulu\u015fu onayl\u0131 son kat duvar boyas\u0131 AMBER, antibakteriyel ve antiviral \u00f6zellikleri ile \u00e7ocuklar\u0131n\u0131z\u0131n odalar\u0131nda g\u00fcvenle kullanabilmeniz i\u00e7in \u00f6zel olarak geli\u015ftirilmi\u015ftir.<\/p>\n<p><strong>INORIA AMBER<\/strong>&#8216;in \u00c7ocuk Odalar\u0131na Faydalar\u0131:<\/p>\n<ul>\n<li><strong>Sa\u011fl\u0131kl\u0131 bir ortam olu\u015fturur<\/strong>: Antibakteriyel ve antiviral \u00f6zellikleri ile \u00e7ocuklar\u0131n\u0131z\u0131n odalar\u0131n\u0131 mikroplardan ar\u0131nd\u0131r\u0131r.<\/li>\n<li><strong>Alerjik reaksiyonlar\u0131 \u00f6nler<\/strong>: Kokusuz form\u00fcl\u00fc ile alerjik reaksiyonlara neden olmaz.<\/li>\n<li><strong>Kolay temizlenir<\/strong>: Leke tutmaz form\u00fcl\u00fc ile kolayca temizlenebilir ve hijyenik kal\u0131r.<\/li>\n<li><strong>\u00c7evre dostudur<\/strong>: Su bazl\u0131 form\u00fcl\u00fc ile \u00e7evreye duyarl\u0131 bir \u00fcr\u00fcnd\u00fcr.<\/li>\n<\/ul>\n<p>\u0130\u00e7 cephelerde AMBER&#8217;i tercih ederek, \u00e7ocuklar\u0131n\u0131z\u0131n sa\u011fl\u0131kl\u0131 ve g\u00fcvenli bir ortamda b\u00fcy\u00fcmelerini sa\u011flayabilirsiniz.[\/vc_column_text][\/vc_column][\/vc_row]<\/p>\n","protected":false},"excerpt":{"rendered":"<p>[vc_row][vc_column][vc_custom_heading text=&#8221;\u201cOdalar\u0131n\u0131z\u0131n rengi sizi yans\u0131t\u0131r. Boyan\u0131z\u0131 se\u00e7in, harekete ge\u00e7in!\u201d&#8221; font_container=&#8221;tag:h2|text_align:center&#8221; use_theme_fonts=&#8221;yes&#8221;][vc_column_text] Oda Duvarlar\u0131n\u0131z \u0130\u00e7in: Evin dekorasyonunu, mimarisini ve e\u015fya tasar\u0131mlar\u0131n\u0131 g\u00f6steren en \u00f6nemli etkenlerden biri de odalar\u0131n renkleridir. Renklerin se\u00e7imi&hellip;<\/p>\n","protected":false},"author":1,"featured_media":0,"parent":0,"menu_order":0,"comment_status":"closed","ping_status":"closed","template":"","meta":{"footnotes":""},"class_list":["post-2871","page","type-page","status-publish","hentry"],"_links":{"self":[{"href":"https:\/\/inoria.uz\/index.php?rest_route=\/wp\/v2\/pages\/2871","targetHints":{"allow":["GET"]}}],"collection":[{"href":"https:\/\/inoria.uz\/index.php?rest_route=\/wp\/v2\/pages"}],"about":[{"href":"https:\/\/inoria.uz\/index.php?rest_route=\/wp\/v2\/types\/page"}],"author":[{"embeddable":true,"href":"https:\/\/inoria.uz\/index.php?rest_route=\/wp\/v2\/users\/1"}],"replies":[{"embeddable":true,"href":"https:\/\/inoria.uz\/index.php?rest_route=%2Fwp%2Fv2%2Fcomments&post=2871"}],"version-history":[{"count":27,"href":"https:\/\/inoria.uz\/index.php?rest_route=\/wp\/v2\/pages\/2871\/revisions"}],"predecessor-version":[{"id":4855,"href":"https:\/\/inoria.uz\/index.php?rest_route=\/wp\/v2\/pages\/2871\/revisions\/4855"}],"wp:attachment":[{"href":"https:\/\/inoria.uz\/index.php?rest_route=%2Fwp%2Fv2%2Fmedia&parent=2871"}],"curies":[{"name":"wp","href":"https:\/\/api.w.org\/{rel}","templated":true}]}}