{"id":2757,"date":"2022-02-12T22:09:00","date_gmt":"2022-02-12T22:09:00","guid":{"rendered":"https:\/\/inoria.uz\/?page_id=2757"},"modified":"2022-05-15T23:07:51","modified_gmt":"2022-05-15T23:07:51","slug":"paint-dictionary","status":"publish","type":"page","link":"https:\/\/inoria.uz\/?page_id=2757&lang=tr","title":{"rendered":"Boyal\u0131 S\u00f6zl\u00fck"},"content":{"rendered":"<p>[vc_row][vc_column][vc_custom_heading text=&#8221;Boyal\u0131 S\u00f6zl\u00fck&#8221; font_container=&#8221;tag:h3|text_align:left&#8221; google_fonts=&#8221;font_family:Roboto%3A100%2C100italic%2C300%2C300italic%2Cregular%2Citalic%2C500%2C500italic%2C700%2C700italic%2C900%2C900italic|font_style:500%20bold%20regular%3A500%3Anormal&#8221; link=&#8221;url:%23&#8243;][\/vc_column][\/vc_row][vc_row css=&#8221;.vc_custom_1647115244077{margin-bottom: 50px !important;}&#8221;][vc_column][vc_tta_accordion title_tag=&#8221;h3&#8243; section_title_tag=&#8221;h5&#8243; active_section=&#8221;&#8221; collapsible_all=&#8221;true&#8221;][vc_tta_section title=&#8221;Aderans&#8221; tab_id=&#8221;1644702683191-c3ed962a-63fe&#8221;][vc_column_text]Kuru film tabakas\u0131n\u0131n y\u00fczey \u00fczerinde kabarmadan, ince tabakalar halinde kalkmadan veya \u00e7atlamadan durma kabiliyetidir. Aderans, boyan\u0131n belki de en \u00f6nemli \u00f6zelli\u011fidir. Islak tutunma, \u0131slak ko\u015fullara ra\u011fmen kuru boya filminin y\u00fczeye tutunma kabiliyeti, genellikle d\u0131\u015f cephe boyalar\u0131 i\u00e7in \u00f6nemlidir.[\/vc_column_text][\/vc_tta_section][vc_tta_section title=&#8221;Akrilik&#8221; tab_id=&#8221;1644702683199-ef2d2f6a-2040&#8243;][vc_column_text]Y\u00fcksek performansl\u0131 akrilik esasl\u0131 boya veya su bazl\u0131 boyalarda kullan\u0131lan sentetik polimerdir. Boyan\u0131n ba\u011flay\u0131c\u0131s\u0131 gibi, akrilik re\u00e7ineler, kaplaman\u0131n kimyasallara dayanmas\u0131na ve \u0131\u015f\u0131k hasl\u0131\u011f\u0131 nedeniyle renginin kal\u0131c\u0131 olmas\u0131na olanak sa\u011flar.[\/vc_column_text][\/vc_tta_section][vc_tta_section title=&#8221;Akrilik Re\u00e7ine&#8221; tab_id=&#8221;1644863109626-a1c690e1-57e5&#8243;][vc_column_text]Renk ve parlakl\u0131k dayan\u0131m\u0131, alkali ve oksidasyon dayan\u0131m\u0131, sertlik, yap\u0131\u015fma ve ba\u011flama sa\u011flaml\u0131\u011f\u0131 ve film \u00f6mr\u00fc gibi \u00f6zellikleri s\u00fcper olarak nitelendirilen ve kaplama form\u00fclleri aras\u0131nda se\u00e7kin bir yeri olan re\u00e7inelerdir. Genellikle, akrilik asit, metakrilik asit, akrilonitril ve bunlar\u0131n copolimerlerinin esterlerini i\u00e7eren akrili asitlerin t\u00fcrevlerinin polimerizasyonu sonucu olu\u015fan re\u00e7inelerdir. Akrilat re\u00e7ineler olarak da bilinirler.[\/vc_column_text][\/vc_tta_section][vc_tta_section title=&#8221;Akrilik Esasl\u0131 Boya&#8221; tab_id=&#8221;1644863137496-8ae91cef-0423&#8243;][vc_column_text]Akrilik Esasl\u0131 Boya tarifleri a\u015fa\u011f\u0131da alternatifler halinde s\u0131ralanm\u0131\u015ft\u0131r:<\/p>\n<p>Esas olarak aqua ortam i\u00e7ersinde polimerik maddenin sabit dispersiyonu.[\/vc_column_text][\/vc_tta_section][vc_tta_section title=&#8221;Alkidler&#8221; tab_id=&#8221;1644863163378-860a5935-2605&#8243;][vc_column_text]Her ne kadar, orta dereceli ekipmanlar ve marin enamellerde ba\u011flay\u0131c\u0131 olarak kullan\u0131lsalar da i\u00e7eride ve d\u0131\u015far\u0131da ah\u015fap boyalar\u0131nda bulunan re\u00e7inelerdir.[\/vc_column_text][\/vc_tta_section][vc_tta_section title=&#8221;Badana&#8221; tab_id=&#8221;1644863185388-6bfea24c-2a5b&#8221;][vc_column_text]Esas olarak, kire\u00e7 ile suyun kar\u0131\u015ft\u0131r\u0131lmas\u0131 ile elde edilir. \u0130\u00e7 cephe dekorasyonu i\u00e7in kullan\u0131l\u0131r. Y\u0131kamaya kar\u015f\u0131 dayan\u0131kl\u0131 de\u011fildir.[\/vc_column_text][\/vc_tta_section][vc_tta_section title=&#8221;Ba\u011flay\u0131c\u0131&#8221; tab_id=&#8221;1644863201547-c939cdc8-1ca7&#8243;][vc_column_text]Ba\u011flay\u0131c\u0131, pigment par\u00e7alar\u0131n\u0131, d\u00fczg\u00fcn boya filmi olu\u015fturmak \u00fczere ba\u011flar ve ayn\u0131 zamanda boyan\u0131n y\u00fczeye yap\u0131\u015fmas\u0131n\u0131 sa\u011flar. Ba\u011flay\u0131c\u0131n\u0131n cinsi ve miktar\u0131, boyan\u0131n performans \u00f6zelliklerinin y\u0131kanabilirlik, sertlik, yap\u0131\u015fma ve renk dayan\u0131m\u0131 \u00e7o\u011funu belirler. Kaliteli y\u00fcksek performansl\u0131 akrilik esasl\u0131 boyalar\u0131n \u00fcretiminde tercih edilen ba\u011flay\u0131c\u0131, akrilik polimerler gibi re\u00e7inelerdir.[\/vc_column_text][\/vc_tta_section][vc_tta_section title=&#8221;Beyazlama&#8221; tab_id=&#8221;1644863220233-26c748b6-e50c&#8221;][vc_column_text]G\u00fcne\u015f \u0131\u015f\u0131\u011f\u0131na maruz kalma sonucu olu\u015fan renk kayb\u0131.[\/vc_column_text][\/vc_tta_section][vc_tta_section title=&#8221;Dayan\u0131kl\u0131l\u0131k&#8221; tab_id=&#8221;1644863236850-f7f0de1d-b095&#8243;][vc_column_text]Boyan\u0131n maruz kald\u0131\u011f\u0131 y\u0131prat\u0131c\u0131 \u00e7evre etkilerine,\u00f6zellikle k\u00f6t\u00fc hava \u015fartlar\u0131, kar\u015f\u0131 dayanma derecesi. Dayan\u0131kl\u0131l\u0131\u011f\u0131n iki etkisi vard\u0131r. Koruyucu \u00f6zellikleri y\u00fczeyi bozulmaktan korur. Dekoratif \u00f6zellikleri etkileyici g\u00f6r\u00fcnt\u00fcs\u00fcn\u00fcn kal\u0131c\u0131 olmas\u0131n\u0131 sa\u011flar.[\/vc_column_text][\/vc_tta_section][vc_tta_section title=&#8221;Dispersiyon (S\u00fcspansiyon)&#8221; tab_id=&#8221;1644863255567-a1c9f2e6-c42a&#8221;][vc_column_text]\u00c7ok ince kat\u0131 yap\u0131daki partik\u00fcllerin bir s\u0131v\u0131 madde i\u00e7inde homojen \u015fekilde da\u011f\u0131lmas\u0131 i\u015flemidir.[\/vc_column_text][\/vc_tta_section][vc_tta_section title=&#8221;Elastikiyet&#8221; tab_id=&#8221;1644863275670-c0e4c7ad-c1d6&#8243;][vc_column_text]Boyan\u0131n, g\u00f6r\u00fcn\u00fcm\u00fcnde de\u011fi\u015fiklik olmadan veya zarar g\u00f6rmeden, geni\u015fleme ve daralma yetene\u011fi. S\u0131cakl\u0131k de\u011fi\u015fimleri geni\u015fleme ve daralmaya sebep olur. \u00d6rne\u011fin sar\u0131 \u00e7am tanecik boyutuna ba\u011fl\u0131 olarak farkl\u0131 oranlarda geni\u015fler. Elastikiyet dayan\u0131kl\u0131l\u0131\u011f\u0131n anahtar\u0131d\u0131r. Akrilik ba\u011flay\u0131c\u0131lar elastikiyetleriyle dikkat \u00e7ekerler.[\/vc_column_text][\/vc_tta_section][vc_tta_section title=&#8221;Em\u00fclsiyon&#8221; tab_id=&#8221;1644863329136-cdd59d85-fb93&#8243;][vc_column_text]S\u0131v\u0131 yap\u0131daki kimyasal maddenin bir em\u00fclgat\u00f6r yard\u0131m\u0131yla ba\u015fka s\u0131v\u0131 kimyasal madde i\u00e7inde da\u011f\u0131lmas\u0131 i\u015flemi.[\/vc_column_text][\/vc_tta_section][vc_tta_section title=&#8221;Empregnasyon&#8221; tab_id=&#8221;1644863347116-a160e20a-d626&#8243;][vc_column_text]\u00c7ok d\u00fc\u015f\u00fck viskoziteli bir s\u0131v\u0131n\u0131n, kat\u0131 bir y\u00fczeyin i\u00e7ine derinliklerine i\u015flemesi, girmesidir. Bu sayede kapiler bo\u015fluklar ve porlar dolabilir. Kendinden sonra gelebilecek uygulamaya iyi aderans olu\u015fturur ve y\u00fczeyin mukavemetini artt\u0131r\u0131r.[\/vc_column_text][\/vc_tta_section][vc_tta_section title=&#8221;Enamel&#8221; tab_id=&#8221;1644863363839-a424cd1a-c39c&#8221;][vc_column_text]Genellikle y\u00fcksek parlakl\u0131kta ama d\u00fc\u015f\u00fck parlakl\u0131k derecelerinde de olabilen; \u00f6rne\u011fin mat enameller, d\u00fczg\u00fcn y\u00fczey olu\u015fturma yetene\u011fiyle karakterize edilmi\u015f son kat boyad\u0131r.[\/vc_column_text][\/vc_tta_section][vc_tta_section title=&#8221;Film Olu\u015fumu&#8221; tab_id=&#8221;1644863381806-956ae8b5-e65a&#8221;][vc_column_text]Boyan\u0131n s\u00fcrekli kuru film tabakas\u0131 olu\u015fturma kabiliyeti. Bu proses, su veya solventlerin buharla\u015fmas\u0131 ve ba\u011flay\u0131c\u0131 par\u00e7alar\u0131n\u0131n birle\u015fmesi sonucu olu\u015fur. S\u00fcrekli kuru film suyu iter.[\/vc_column_text][\/vc_tta_section][vc_tta_section title=&#8221;Genle\u015ftirici&#8221; tab_id=&#8221;1644863425641-d89a6485-97f8&#8243;][vc_column_text]Pigmentlerin bo\u015fluklar\u0131n\u0131 doldurup genle\u015ftiren titanyum dioksitten daha ucuz i\u00e7eriktir. Genle\u015ftirici pigmentsiz kullan\u0131lamaz. Yayg\u0131n kullan\u0131lan baz\u0131 genle\u015ftiriciler \u015funlard\u0131r: kaolen, kalsit ve silika.[\/vc_column_text][\/vc_tta_section][vc_tta_section title=&#8221;Hacim kat\u0131lar\u0131&#8221; tab_id=&#8221;1644863401361-8de9c639-6b10&#8243;][vc_column_text]Pigment ve ba\u011flay\u0131c\u0131n\u0131n hacmi toplam\u0131n\u0131n,toplam hacme b\u00f6l\u00fcm\u00fc. Y\u00fczde(%) olarak ifade edilir. Y\u00fcksek hacim kat\u0131lar\u0131, daha kal\u0131n kuru film tabakas\u0131, ileri \u00f6rt\u00fcc\u00fcl\u00fck ve y\u00fcksek dayan\u0131kl\u0131l\u0131k demektir.[\/vc_column_text][\/vc_tta_section][vc_tta_section title=&#8221;Havas\u0131z spreyleme(p\u00fcsk\u00fcrtme)&#8221; tab_id=&#8221;1644863481123-f7ee96f5-c4d5&#8243;][vc_column_text]Y\u00fcksek bas\u0131n\u00e7la bir delikten, kuvvet uygulayarak boyan\u0131n atomizasyonu prosesi. \u00d6zellikle boya \u00f6nceden \u0131s\u0131t\u0131ld\u0131\u011f\u0131nda, solventlerin buharla\u015fmas\u0131 ile yol almas\u0131n\u0131n efektidir.[\/vc_column_text][\/vc_tta_section][vc_tta_section title=&#8221;\u0130nceltici&#8221; tab_id=&#8221;1644863440072-67e21994-0e58&#8243;][vc_column_text]\u0130nceltici ve ba\u011flay\u0131c\u0131 beraber, boyan\u0131n nakil vas\u0131tas\u0131n\u0131 olu\u015ftururlar. Su, akrilik esasl\u0131 boya boyalarda kullan\u0131lan, boya kuruduk\u00e7a buharla\u015fan, d\u00fczg\u00fcn boya uygulamas\u0131na olanak sa\u011flayan incelticilerdir. Ya\u011fl\u0131 boyalar\u0131n incelticileri ise turpentin veya alkol(ispirto)d\u00fcr.[\/vc_column_text][\/vc_tta_section][vc_tta_section title=&#8221;Kabarma&#8221; tab_id=&#8221;1644863524196-23a0d1fe-7ede&#8221;][vc_column_text]Genellikle \u0131s\u0131 veya nemin sebep oldu\u011fu, boyan\u0131n \u00fczerindeki oyuklar, kubbe \u015feklindeki form\u00fclasyonlar. Solvent tamamen u\u00e7madan \u00f6nce; y\u00fczeyi kuruyan boya filminde solventin hapis olmas\u0131 sonucunda da olu\u015fabilir.[\/vc_column_text][\/vc_tta_section][vc_tta_section title=&#8221;Kataliz\u00f6r&#8221; tab_id=&#8221;1644863500689-063fbb0a-ca43&#8243;][vc_column_text]Varl\u0131\u011f\u0131, kimyasal reaksiyonun h\u0131z\u0131n\u0131 artt\u0131r\u0131r. Baz\u0131 durumlarda kataliz\u00f6r, emilmeden ve yeniden olu\u015fmadan fonksiyon g\u00f6sterir. Di\u011fer durumlarda ise reaksiyona hi\u00e7 girmemi\u015f gibi g\u00f6z\u00fck\u00fcr ve y\u00fczey karakterlerinin yetkisiyle fonksiyon g\u00f6sterir. Negatif kataliz\u00f6r ise (inhibit\u00f6r) kimyasal reaksiyonu yava\u015flat\u0131r.[\/vc_column_text][\/vc_tta_section][vc_tta_section title=&#8221;K\u00fcf&#8221; tab_id=&#8221;1644863569699-43c186ca-43c6&#8243;][vc_column_text]Nemli iklimlerde \u00e7ok kar\u015f\u0131la\u015f\u0131lan bir problem olan k\u00fcfe sebep kimyasal.[\/vc_column_text][\/vc_tta_section][vc_tta_section title=&#8221;K\u0131vam (Viskozite)&#8221; tab_id=&#8221;1650239965107-22bd491f-cb2e&#8221;][vc_column_text]Boyan\u0131n akmaya kar\u015f\u0131 direnci. Y\u00fcksek k\u0131vaml\u0131 boya yava\u015f akar; az k\u0131vaml\u0131 boya \u00e7abuk akar.[\/vc_column_text][\/vc_tta_section][vc_tta_section title=&#8221;\u00d6rt\u00fcc\u00fcl\u00fck&#8221; tab_id=&#8221;1650239964952-f9cfe010-d7cf&#8221;][vc_column_text]Boyan\u0131n, y\u00fczeyi veya \u00f6nceden uygulanan boyay\u0131 ve y\u00fczeydeki lekeleri kapatma veya \u00f6rtme kabiliyeti. Boyan\u0131n pigmenti ile \u00f6rt\u00fcc\u00fcl\u00fck sa\u011flan\u0131r.[\/vc_column_text][\/vc_tta_section][vc_tta_section title=&#8221;Pigment&#8221; tab_id=&#8221;1650239964813-7bd5513e-88c2&#8243;][vc_column_text]D\u00fczg\u00fcn yuvarlak, do\u011fal veya sentetik, inorganik veya organik, \u00e7\u00f6z\u00fcnmeyen da\u011f\u0131lm\u0131\u015f par\u00e7alar (toz). Bu par\u00e7alar, boya s\u0131v\u0131s\u0131n\u0131n i\u00e7inde da\u011f\u0131larak, boyaya renk vermenin yan\u0131nda, opakl\u0131k, kat\u0131l\u0131k, dayan\u0131kl\u0131l\u0131k ve korozyona dayan\u0131kl\u0131l\u0131k gibi boyan\u0131n temel \u00f6zelliklerini de geli\u015ftirirler. Bu terim beyaz veya renkli pigmentler ile birlikte genle\u015ftiricilerde i\u00e7erirdi. Pigment olan tozlar ve boyalar aras\u0131ndaki fark genel olarak \u00e7\u00f6z\u00fcn\u00fcrl\u00fc\u011f\u00fcn temelinde incelenmektedir. Kullan\u0131m esnas\u0131nda, pigmentler, \u00e7\u00f6z\u00fcnme yen ve madde i\u00e7erisinde da\u011f\u0131lan, boyalar ise \u00e7\u00f6z\u00fcnebilir veya sol\u00fcsyon halinde bulunan malzemelerdir.[\/vc_column_text][\/vc_tta_section][vc_tta_section title=&#8221;Polimerizasyon&#8221; tab_id=&#8221;1650239964661-76d55cc3-3ceb&#8221;][vc_column_text]Reaktif yap\u0131daki \u00e7ifte ba\u011flar i\u00e7eren ayn\u0131 veya farkl\u0131 monomerlerin \u0131s\u0131, \u0131\u015f\u0131k veya kataliz\u00f6rler yard\u0131m\u0131yla olu\u015fturduklar\u0131 farkl\u0131 yap\u0131lardaki kimyasal bile\u015fikler i\u015flemidir. E\u011fer bir polimer yap\u0131 yaln\u0131z bir cins monomerden olu\u015fmu\u015fsa HOMOPOL\u0130MER; iki, \u00fc\u00e7\u2026 gibi farkl\u0131 cins monomerlerden olu\u015fmu\u015fsa KOPOL\u0130MER ad\u0131 verilir.[\/vc_column_text][\/vc_tta_section][vc_tta_section title=&#8221;PVA (Polivinil Asetat)&#8221; tab_id=&#8221;1650239964505-8bbea08b-bdaa&#8221;][vc_column_text]Vinil asetat ve bir kataliz\u00f6r\u00fcn polimerizasyonu sonucu t\u00fcretilen renksiz, termoplastik, suda \u00e7\u00f6z\u00fcnebilir, re\u00e7inemsi y\u00fcksek polimerdir. Genellikle, d\u00fc\u015f\u00fck kaliteli su-bazl\u0131 kaplamalarda akrilik esasl\u0131 boya ba\u011flay\u0131c\u0131 olarak kullan\u0131l\u0131r. Bunun yan\u0131nda yap\u0131\u015ft\u0131r\u0131c\u0131lar, tekstil, empregnasyon alanlar\u0131nda da kullan\u0131lan bir re\u00e7inedir.[\/vc_column_text][\/vc_tta_section][vc_tta_section title=&#8221;PVC (Pigment Hacim Konsantrasyonu)&#8221; tab_id=&#8221;1650239964359-fc458fc0-251f&#8221;][vc_column_text]Pigment hacminin,kaplamadaki toplam u\u00e7ucu olmayan maddelere(\u00f6rn., pigment ve ba\u011flay\u0131c\u0131) oran\u0131. Bu oran genellikle y\u00fczde (%) olarak ifade edilir.[\/vc_column_text][\/vc_tta_section][vc_tta_section title=&#8221;Re\u00e7ine&#8221; tab_id=&#8221;1650239964202-c68b0ec7-341d&#8221;][vc_column_text](1) Do\u011fal veya sentetik \u015feffaf ve eriyen \u00fcr\u00fcnlerin b\u00fcy\u00fck bir b\u00f6l\u00fcm\u00fcne verilen ad. Farkl\u0131 renklerde bulunabilirler. Y\u00fcksek molek\u00fcl a\u011f\u0131rl\u0131\u011f\u0131na sahip sentetik re\u00e7ineler polimer olarak etki ederler.<br \/>\n(2) Belirsiz veya \u00e7ok b\u00fcy\u00fck molek\u00fcl a\u011f\u0131rl\u0131\u011f\u0131 olan,strese maruz kald\u0131\u011f\u0131nda ak\u0131\u015fkanl\u0131k kazanan,yumu\u015fama ve erime aral\u0131\u011f\u0131 bulunan ve konkoidal k\u0131r\u0131lan kat\u0131,yar\u0131 kat\u0131,sahte(ps\u00f6domer) kat\u0131lard\u0131r.<br \/>\n(3) Genellikle bu terim kaplama ve plastiklerde temel materyal olan her hangi bir polimerin yerine kullan\u0131l\u0131r.[\/vc_column_text][\/vc_tta_section][vc_tta_section title=&#8221;Renk Dayan\u0131m\u0131&#8221; tab_id=&#8221;1650239964061-2d741ca7-f22e&#8221;][vc_column_text]Boyan\u0131n orijinal rengini koruma ve solmaya kar\u015f\u0131 dayanma yetene\u011fidir.[\/vc_column_text][\/vc_tta_section][vc_tta_section title=&#8221;Solma&#8221; tab_id=&#8221;1650239963914-ac34b6e5-f873&#8243;][vc_column_text]I\u015f\u0131k veya s\u0131cakl\u0131\u011fa maruz kalan boyan\u0131n renginin a\u00e7\u0131lmas\u0131.[\/vc_column_text][\/vc_tta_section][vc_tta_section title=&#8221;Soyulma&#8221; tab_id=&#8221;1650239963776-fbad2850-fb5a&#8221;][vc_column_text]Boyan\u0131n \u015feritler veya yapraklar halinde y\u00fczeyden ayr\u0131lmas\u0131. Tabakalar halinde kalkmaya benzer olarak aderans kayb\u0131 sonucu olu\u015fur.[\/vc_column_text][\/vc_tta_section][vc_tta_section title=&#8221;Tabakalar halinde kalkma&#8221; tab_id=&#8221;1650239963622-cfd9f609-be53&#8243;][vc_column_text]Aderans veya elastikiyet kayb\u0131 sonucu boyan\u0131n par\u00e7alar halinde y\u00fczeyden ayr\u0131lmas\u0131.[\/vc_column_text][\/vc_tta_section][vc_tta_section title=&#8221;Ta\u015f\u0131y\u0131c\u0131&#8221; tab_id=&#8221;1650239963483-25d7d3e2-d88e&#8221;][vc_column_text]Boyan\u0131n, i\u00e7inde pigmentin da\u011f\u0131ld\u0131\u011f\u0131 s\u0131v\u0131 k\u0131sm\u0131. Ba\u011flay\u0131c\u0131 ve tinerin birle\u015fiminden olu\u015fur.[\/vc_column_text][\/vc_tta_section][vc_tta_section title=&#8221;Tebe\u015firlenme&#8221; tab_id=&#8221;1650239963316-9ff57b6e-1954&#8243;][vc_column_text]Hava ko\u015fullar\u0131n\u0131n bozucu etkilerinin ba\u011flay\u0131c\u0131 ortam\u0131n\u0131 ay\u0131rarak sebep oldu\u011fu boya film y\u00fczeyi \u00fczerindeki kolay ufalanabilir toz olu\u015fumu. Boya filminin tebe\u015firi, pigmentin se\u00e7imi ve konsantrasyonundan etkilenebilir. Ba\u011flay\u0131c\u0131 ortam\u0131n\u0131n se\u00e7imi de etkili olabilir.[\/vc_column_text][\/vc_tta_section][vc_tta_section title=&#8221;Titanyumdioksit (TiO2)&#8221; tab_id=&#8221;1650239962891-f218004b-f60b&#8221;][vc_column_text]Boyalar, plastikler ve kau\u00e7uklarda esas pigment olarak kullan\u0131lan, y\u00fcksek opakl\u0131kta, tebe\u015firsiz a\u00e7\u0131k beyaz renkte pigmenttir. Mineral ilmenit veya tabi titan dioksit madeni cevherinden elde edilir.[\/vc_column_text][\/vc_tta_section][vc_tta_section title=&#8221;Yay\u0131lma&#8221; tab_id=&#8221;1650239962379-dc6f0ad2-edf5&#8243;][vc_column_text]Kaplaman\u0131n, f\u0131r\u00e7a izleri g\u00f6z\u00fckmeksizin d\u00fczg\u00fcn boya filmi olu\u015fturma kabiliyeti. \u00c7ok kaliteli akrilik esasl\u0131 boya boyalar\u0131n s\u00fcper yay\u0131lma kabiliyeti vard\u0131r.[\/vc_column_text][\/vc_tta_section][vc_tta_section title=&#8221;Y\u0131kanabilirlik&#8221; tab_id=&#8221;1650240275136-d81fe2a8-6ba7&#8243;][vc_column_text]Zarar vermeden kuru boya filmi y\u00fczeyinden kirin kald\u0131r\u0131lmas\u0131na olanak verecek y\u0131kama \u015fekli i\u015fimizi kolayla\u015ft\u0131r\u0131r.[\/vc_column_text][\/vc_tta_section][vc_tta_section title=&#8221;VOC (U\u00e7ucu Organik \u0130\u00e7erik)&#8221; tab_id=&#8221;1650240276299-0c33c8af-4111&#8243;][vc_column_text]Standard test sonu\u00e7lar\u0131 alt\u0131nda buharla\u015fan karbon bile\u015fikleri. Esas olarak, su hari\u00e7 b\u00fct\u00fcn boya solventleri UOC dir. H\u00fck\u00fcmet, olas\u0131 \u00e7evre ve sa\u011fl\u0131k etkilerine kar\u015f\u0131, boyada bulunan u\u00e7ucu organiklerin miktar\u0131n\u0131 k\u0131s\u0131tlamay\u0131 belirleyebilir.[\/vc_column_text][\/vc_tta_section][vc_tta_section title=&#8221;Tozlanma(\u00e7i\u00e7eklenme)&#8221; tab_id=&#8221;1650240277262-a9fa4728-fb68&#8243;][vc_column_text]Y\u00fczey kaplamalar\u0131n\u0131n, ta\u015f, tu\u011fla, s\u0131va veya har\u00e7, \u00fczerinde genellikle beyaz, \u00e7\u00f6z\u00fcnebilir tuzlar\u0131n birikerek kabuklanmas\u0131. Nemin har\u00e7 veya kom\u015fu \u00e7imentonun i\u00e7inden s\u0131zan tuz veya serbest alkaliler bu probleme yol a\u00e7arlar.[\/vc_column_text][\/vc_tta_section][\/vc_tta_accordion][\/vc_column][\/vc_row]<\/p>\n","protected":false},"excerpt":{"rendered":"<p>[vc_row][vc_column][vc_custom_heading text=&#8221;Boyal\u0131 S\u00f6zl\u00fck&#8221; font_container=&#8221;tag:h3|text_align:left&#8221; google_fonts=&#8221;font_family:Roboto%3A100%2C100italic%2C300%2C300italic%2Cregular%2Citalic%2C500%2C500italic%2C700%2C700italic%2C900%2C900italic|font_style:500%20bold%20regular%3A500%3Anormal&#8221; link=&#8221;url:%23&#8243;][\/vc_column][\/vc_row][vc_row css=&#8221;.vc_custom_1647115244077{margin-bottom: 50px !important;}&#8221;][vc_column][vc_tta_accordion title_tag=&#8221;h3&#8243; section_title_tag=&#8221;h5&#8243; active_section=&#8221;&#8221; collapsible_all=&#8221;true&#8221;][vc_tta_section title=&#8221;Aderans&#8221; tab_id=&#8221;1644702683191-c3ed962a-63fe&#8221;][vc_column_text]Kuru film tabakas\u0131n\u0131n y\u00fczey \u00fczerinde kabarmadan, ince tabakalar halinde kalkmadan veya \u00e7atlamadan durma kabiliyetidir. Aderans, boyan\u0131n&hellip;<\/p>\n","protected":false},"author":1,"featured_media":0,"parent":0,"menu_order":0,"comment_status":"closed","ping_status":"closed","template":"","meta":{"footnotes":""},"class_list":["post-2757","page","type-page","status-publish","hentry"],"_links":{"self":[{"href":"https:\/\/inoria.uz\/index.php?rest_route=\/wp\/v2\/pages\/2757","targetHints":{"allow":["GET"]}}],"collection":[{"href":"https:\/\/inoria.uz\/index.php?rest_route=\/wp\/v2\/pages"}],"about":[{"href":"https:\/\/inoria.uz\/index.php?rest_route=\/wp\/v2\/types\/page"}],"author":[{"embeddable":true,"href":"https:\/\/inoria.uz\/index.php?rest_route=\/wp\/v2\/users\/1"}],"replies":[{"embeddable":true,"href":"https:\/\/inoria.uz\/index.php?rest_route=%2Fwp%2Fv2%2Fcomments&post=2757"}],"version-history":[{"count":16,"href":"https:\/\/inoria.uz\/index.php?rest_route=\/wp\/v2\/pages\/2757\/revisions"}],"predecessor-version":[{"id":4068,"href":"https:\/\/inoria.uz\/index.php?rest_route=\/wp\/v2\/pages\/2757\/revisions\/4068"}],"wp:attachment":[{"href":"https:\/\/inoria.uz\/index.php?rest_route=%2Fwp%2Fv2%2Fmedia&parent=2757"}],"curies":[{"name":"wp","href":"https:\/\/api.w.org\/{rel}","templated":true}]}}