{"id":2746,"date":"2022-02-12T21:56:25","date_gmt":"2022-02-12T21:56:25","guid":{"rendered":"https:\/\/inoria.uz\/?page_id=2746"},"modified":"2022-05-15T22:03:07","modified_gmt":"2022-05-15T22:03:07","slug":"about-paint","status":"publish","type":"page","link":"https:\/\/inoria.uz\/?page_id=2746&lang=tr","title":{"rendered":"Boya Hakk\u0131nda"},"content":{"rendered":"<p>[vc_row equal_height=&#8221;yes&#8221; content_placement=&#8221;top&#8221; css=&#8221;.vc_custom_1651500537641{margin-top: 20px !important;margin-right: 5vw !important;margin-left: 5vw !important;}&#8221;][vc_column width=&#8221;1\/3&#8243; css=&#8221;.vc_custom_1651500545612{margin-top: 20px !important;}&#8221;][sober_banner image_size=&#8221;full&#8221; use_theme_fonts=&#8221;yes&#8221; image=&#8221;3741&#8243;][\/sober_banner][\/vc_column][vc_column width=&#8221;2\/3&#8243; css=&#8221;.vc_custom_1651500554403{margin-top: 20px !important;}&#8221;][vc_column_text]<\/p>\n<h3>Boyan\u0131n Tarihi Yolculu\u011fu<\/h3>\n<p>[\/vc_column_text][vc_column_text]Boyan\u0131n ilk olarak yakla\u015f\u0131k 20.000 y\u0131l \u00f6nce kullan\u0131ld\u0131\u011f\u0131 d\u00fc\u015f\u00fcn\u00fcl\u00fcyor. Bilindi\u011fi gibi insanlar, ma\u011faralara resimler \u00e7izmi\u015f, ya\u015famlar\u0131n\u0131 resmetmi\u015ftir. Bu resimleri \u00e7izerken ham boyalar kulland\u0131klar\u0131 anla\u015f\u0131lmaktad\u0131r. Bundan sonra ise insanlar boyalar\u0131 ta\u015flardan, baz\u0131 maddelerin kaynat\u0131lmas\u0131ndan ve bitkilerden \u00fcreterek, y\u00fczlerce hatta binlerce y\u0131l boya ihtiyac\u0131n\u0131 kar\u015f\u0131lam\u0131\u015ft\u0131r.<\/p>\n<p>Dekoratif, koruyucu ve daha bir\u00e7ok ama\u00e7la g\u00fcn\u00fcm\u00fczde kullan\u0131lan modern\/yeni nesil boyalar, Sanayi Devrimi\u2019nden sonra m\u00fcthi\u015f bir h\u0131z kazanarak hemen her b\u00f6lgede, fabrikalarda ve kimya laboratuvarlar\u0131nda \u00fcretilmeye devam etmi\u015ftir.<\/p>\n<p><strong>G\u00fcn\u00fcm\u00fcz\u00fcn Boyalar\u0131 \u0130lk Ne Zaman \u00dcretilmeye Ba\u015flanm\u0131\u015ft\u0131r?<\/strong><\/p>\n<p><strong>\u00a0<\/strong>G\u00fcn\u00fcm\u00fcz boyalar\u0131n\u0131 end\u00fcstriyel boyalar s\u0131n\u0131f\u0131nda d\u00fc\u015f\u00fcn\u00fcrsek, ilk bu ama\u00e7la \u00fcretilmesi 1700\u2019leri bulmu\u015ftur. Sanayi Devrimi sonras\u0131 h\u0131zla fabrikala\u015fma artm\u0131\u015f, boya fabrikalar\u0131 kurulmu\u015ftur. \u0130lk boya fabrikas\u0131 Amerika Birle\u015fik Devletleri\u2019nin Boston \u015fehrinde kurulmu\u015ftur. Ancak boyan\u0131n patentini 1867 y\u0131l\u0131nda Ohio\u2019lu D.R Averill alm\u0131\u015ft\u0131r. Amerika Birle\u015fik Devletleri\u2019nde haz\u0131rlad\u0131\u011f\u0131 ve g\u00fcn\u00fcm\u00fczdeki haz\u0131r kar\u0131\u015f\u0131m boyalar\u0131n atas\u0131 olan boya ile bunu ger\u00e7ekle\u015ftirmi\u015ftir. Boyan\u0131n ciddi manada yayg\u0131nla\u015ft\u0131\u011f\u0131 d\u00f6nem ise 1880\u2019lerden itibaren ba\u015flar. Bu d\u00f6nemde Amerika Birle\u015fik Devletleri\u2019nin kalabal\u0131k muhitlerinde, sanayi merkezlerinde boya fabrikalar\u0131 ciddi bir art\u0131\u015f g\u00f6sterir.<\/p>\n<p>Boyalar bu noktadan sonra s\u00fcrekli geli\u015ferek ve yenilenerek \u00fcretilmeye devam etmi\u015ftir. \u00c7evre kirlili\u011fi konusunda da bilin\u00e7lenme artt\u0131k\u00e7a, art\u0131k \u00e7evre dostu boyalar \u00fcretilmi\u015f; daha sa\u011fl\u0131kl\u0131 \u00fcr\u00fcnler ortaya \u00e7\u0131kmaya ba\u015flam\u0131\u015ft\u0131r.[\/vc_column_text][\/vc_column][\/vc_row]<\/p>\n","protected":false},"excerpt":{"rendered":"<p>[vc_row equal_height=&#8221;yes&#8221; content_placement=&#8221;top&#8221; css=&#8221;.vc_custom_1651500537641{margin-top: 20px !important;margin-right: 5vw !important;margin-left: 5vw !important;}&#8221;][vc_column width=&#8221;1\/3&#8243; css=&#8221;.vc_custom_1651500545612{margin-top: 20px !important;}&#8221;][sober_banner image_size=&#8221;full&#8221; use_theme_fonts=&#8221;yes&#8221; image=&#8221;3741&#8243;][\/sober_banner][\/vc_column][vc_column width=&#8221;2\/3&#8243; css=&#8221;.vc_custom_1651500554403{margin-top: 20px !important;}&#8221;][vc_column_text] Boyan\u0131n Tarihi Yolculu\u011fu [\/vc_column_text][vc_column_text]Boyan\u0131n ilk olarak yakla\u015f\u0131k 20.000 y\u0131l&hellip;<\/p>\n","protected":false},"author":1,"featured_media":0,"parent":0,"menu_order":0,"comment_status":"closed","ping_status":"closed","template":"","meta":{"footnotes":""},"class_list":["post-2746","page","type-page","status-publish","hentry"],"_links":{"self":[{"href":"https:\/\/inoria.uz\/index.php?rest_route=\/wp\/v2\/pages\/2746","targetHints":{"allow":["GET"]}}],"collection":[{"href":"https:\/\/inoria.uz\/index.php?rest_route=\/wp\/v2\/pages"}],"about":[{"href":"https:\/\/inoria.uz\/index.php?rest_route=\/wp\/v2\/types\/page"}],"author":[{"embeddable":true,"href":"https:\/\/inoria.uz\/index.php?rest_route=\/wp\/v2\/users\/1"}],"replies":[{"embeddable":true,"href":"https:\/\/inoria.uz\/index.php?rest_route=%2Fwp%2Fv2%2Fcomments&post=2746"}],"version-history":[{"count":23,"href":"https:\/\/inoria.uz\/index.php?rest_route=\/wp\/v2\/pages\/2746\/revisions"}],"predecessor-version":[{"id":4063,"href":"https:\/\/inoria.uz\/index.php?rest_route=\/wp\/v2\/pages\/2746\/revisions\/4063"}],"wp:attachment":[{"href":"https:\/\/inoria.uz\/index.php?rest_route=%2Fwp%2Fv2%2Fmedia&parent=2746"}],"curies":[{"name":"wp","href":"https:\/\/api.w.org\/{rel}","templated":true}]}}