{"id":2546,"date":"2022-01-23T11:55:14","date_gmt":"2022-01-23T11:55:14","guid":{"rendered":"https:\/\/inoria.uz\/?page_id=2546"},"modified":"2022-05-16T11:01:42","modified_gmt":"2022-05-16T11:01:42","slug":"customer-satisfaction","status":"publish","type":"page","link":"https:\/\/inoria.uz\/?page_id=2546&lang=tr","title":{"rendered":"M\u00fc\u015fteri Memnuniyeti"},"content":{"rendered":"<p>[vc_row equal_height=&#8221;yes&#8221; content_placement=&#8221;top&#8221; css=&#8221;.vc_custom_1651497184455{margin-top: 20px !important;}&#8221;][vc_column width=&#8221;1\/3&#8243; css=&#8221;.vc_custom_1651497190425{margin-top: 20px !important;}&#8221;][sober_banner image_size=&#8221;full&#8221; use_theme_fonts=&#8221;yes&#8221; image=&#8221;3755&#8243;][\/sober_banner][\/vc_column][vc_column width=&#8221;2\/3&#8243; css=&#8221;.vc_custom_1651497196059{margin-top: 20px !important;}&#8221;][vc_column_text]<\/p>\n<h3>M\u00fc\u015fteri Memnuniyeti<\/h3>\n<p>[\/vc_column_text][vc_column_text]Inoria\u2019da \u201cM\u00fc\u015fteri Memnuniyeti\u201d kavram\u0131, kli\u015fele\u015fmi\u015f sekt\u00f6rel bir kavram olman\u0131n \u00e7ok \u00f6tesinde, adeta bir gereklilik, hatta bir zorunluluk. Pazardaki geli\u015fmelerin, teknoloji ve insanl\u0131\u011f\u0131n gitti\u011fi yerin, rekabetin ve rakiplerimizin fark\u0131nday\u0131z. Biz, m\u00fc\u015fterilerimiz taraf\u0131ndan \u00f6nce tercih edilmek, sonras\u0131nda ise memnuniyet yaratarak tercih edilmeye devam etmek i\u00e7in t\u00fcm g\u00fcc\u00fcm\u00fczle \u00e7al\u0131\u015f\u0131yoruz. En g\u00fczel, kaliteli renk ve boya alternatiflerini sizlere sunarak, kal\u0131c\u0131 bir i\u015f birli\u011fi in\u015fa etmeyi hedefliyoruz.[\/vc_column_text][\/vc_column][\/vc_row]<\/p>\n","protected":false},"excerpt":{"rendered":"<p>[vc_row equal_height=&#8221;yes&#8221; content_placement=&#8221;top&#8221; css=&#8221;.vc_custom_1651497184455{margin-top: 20px !important;}&#8221;][vc_column width=&#8221;1\/3&#8243; css=&#8221;.vc_custom_1651497190425{margin-top: 20px !important;}&#8221;][sober_banner image_size=&#8221;full&#8221; use_theme_fonts=&#8221;yes&#8221; image=&#8221;3755&#8243;][\/sober_banner][\/vc_column][vc_column width=&#8221;2\/3&#8243; css=&#8221;.vc_custom_1651497196059{margin-top: 20px !important;}&#8221;][vc_column_text] M\u00fc\u015fteri Memnuniyeti [\/vc_column_text][vc_column_text]Inoria\u2019da \u201cM\u00fc\u015fteri Memnuniyeti\u201d kavram\u0131, kli\u015fele\u015fmi\u015f sekt\u00f6rel bir kavram olman\u0131n \u00e7ok \u00f6tesinde,&hellip;<\/p>\n","protected":false},"author":1,"featured_media":0,"parent":0,"menu_order":0,"comment_status":"closed","ping_status":"closed","template":"","meta":{"footnotes":""},"class_list":["post-2546","page","type-page","status-publish","hentry"],"_links":{"self":[{"href":"https:\/\/inoria.uz\/index.php?rest_route=\/wp\/v2\/pages\/2546","targetHints":{"allow":["GET"]}}],"collection":[{"href":"https:\/\/inoria.uz\/index.php?rest_route=\/wp\/v2\/pages"}],"about":[{"href":"https:\/\/inoria.uz\/index.php?rest_route=\/wp\/v2\/types\/page"}],"author":[{"embeddable":true,"href":"https:\/\/inoria.uz\/index.php?rest_route=\/wp\/v2\/users\/1"}],"replies":[{"embeddable":true,"href":"https:\/\/inoria.uz\/index.php?rest_route=%2Fwp%2Fv2%2Fcomments&post=2546"}],"version-history":[{"count":10,"href":"https:\/\/inoria.uz\/index.php?rest_route=\/wp\/v2\/pages\/2546\/revisions"}],"predecessor-version":[{"id":3762,"href":"https:\/\/inoria.uz\/index.php?rest_route=\/wp\/v2\/pages\/2546\/revisions\/3762"}],"wp:attachment":[{"href":"https:\/\/inoria.uz\/index.php?rest_route=%2Fwp%2Fv2%2Fmedia&parent=2546"}],"curies":[{"name":"wp","href":"https:\/\/api.w.org\/{rel}","templated":true}]}}