{"id":2540,"date":"2022-01-23T11:52:35","date_gmt":"2022-01-23T11:52:35","guid":{"rendered":"https:\/\/inoria.uz\/?page_id=2540"},"modified":"2022-05-16T10:36:17","modified_gmt":"2022-05-16T10:36:17","slug":"quality-environmental-policy","status":"publish","type":"page","link":"https:\/\/inoria.uz\/?page_id=2540&lang=tr","title":{"rendered":"Kalite &#038; \u00c7evre Politikam\u0131z"},"content":{"rendered":"<p>[vc_row equal_height=&#8221;yes&#8221; content_placement=&#8221;top&#8221; css=&#8221;.vc_custom_1651497023812{margin-top: 20px !important;}&#8221;][vc_column width=&#8221;1\/3&#8243; css=&#8221;.vc_custom_1651497033648{margin-top: 20px !important;}&#8221;][sober_banner image_size=&#8221;full&#8221; use_theme_fonts=&#8221;yes&#8221; image=&#8221;3753&#8243;][\/sober_banner][\/vc_column][vc_column width=&#8221;2\/3&#8243; css=&#8221;.vc_custom_1651497039974{margin-top: 20px !important;}&#8221;][vc_column_text]<\/p>\n<h3>Kalite &amp; \u00c7evre Politikam\u0131z<\/h3>\n<p>[\/vc_column_text][vc_column_text]<\/p>\n<p>Biz, d\u00fcnyay\u0131 daha g\u00fczel bir yer haline getiren renkleri \u00fcretirken, \u00e7evre sa\u011fl\u0131\u011f\u0131na da maksimum \u00f6zen g\u00f6stermeyi prensip olarak benimsiyoruz. Bunun en \u00f6nemli ad\u0131mlar\u0131ndan biri ise kaliteli hammadde ve \u00fcr\u00fcn kullanmak. \u0130nsan ve do\u011fa sa\u011fl\u0131\u011f\u0131n\u0131 koruyacak, olas\u0131 zararlar\u0131 minimize edecek t\u00fcm \u00fcretim faaliyeti uygulamalar\u0131na ba\u011fl\u0131 kal\u0131yoruz. Her \u015fey, daha renkli bir d\u00fcnya i\u00e7in.<\/p>\n<p>[\/vc_column_text][\/vc_column][\/vc_row]<\/p>\n","protected":false},"excerpt":{"rendered":"<p>[vc_row equal_height=&#8221;yes&#8221; content_placement=&#8221;top&#8221; css=&#8221;.vc_custom_1651497023812{margin-top: 20px !important;}&#8221;][vc_column width=&#8221;1\/3&#8243; css=&#8221;.vc_custom_1651497033648{margin-top: 20px !important;}&#8221;][sober_banner image_size=&#8221;full&#8221; use_theme_fonts=&#8221;yes&#8221; image=&#8221;3753&#8243;][\/sober_banner][\/vc_column][vc_column width=&#8221;2\/3&#8243; css=&#8221;.vc_custom_1651497039974{margin-top: 20px !important;}&#8221;][vc_column_text] Kalite &amp; \u00c7evre Politikam\u0131z [\/vc_column_text][vc_column_text] Biz, d\u00fcnyay\u0131 daha g\u00fczel bir yer haline getiren&hellip;<\/p>\n","protected":false},"author":1,"featured_media":0,"parent":0,"menu_order":0,"comment_status":"closed","ping_status":"closed","template":"","meta":{"footnotes":""},"class_list":["post-2540","page","type-page","status-publish","hentry"],"_links":{"self":[{"href":"https:\/\/inoria.uz\/index.php?rest_route=\/wp\/v2\/pages\/2540","targetHints":{"allow":["GET"]}}],"collection":[{"href":"https:\/\/inoria.uz\/index.php?rest_route=\/wp\/v2\/pages"}],"about":[{"href":"https:\/\/inoria.uz\/index.php?rest_route=\/wp\/v2\/types\/page"}],"author":[{"embeddable":true,"href":"https:\/\/inoria.uz\/index.php?rest_route=\/wp\/v2\/users\/1"}],"replies":[{"embeddable":true,"href":"https:\/\/inoria.uz\/index.php?rest_route=%2Fwp%2Fv2%2Fcomments&post=2540"}],"version-history":[{"count":26,"href":"https:\/\/inoria.uz\/index.php?rest_route=\/wp\/v2\/pages\/2540\/revisions"}],"predecessor-version":[{"id":3760,"href":"https:\/\/inoria.uz\/index.php?rest_route=\/wp\/v2\/pages\/2540\/revisions\/3760"}],"wp:attachment":[{"href":"https:\/\/inoria.uz\/index.php?rest_route=%2Fwp%2Fv2%2Fmedia&parent=2540"}],"curies":[{"name":"wp","href":"https:\/\/api.w.org\/{rel}","templated":true}]}}